{"id":68,"date":"2020-05-28T08:41:56","date_gmt":"2020-05-28T08:41:56","guid":{"rendered":"http:\/\/vjesnik.riarhiv.hr\/wordpress\/?page_id=68"},"modified":"2020-06-05T12:07:37","modified_gmt":"2020-06-05T12:07:37","slug":"christian-grailach-i-drasko-marsanic-drenovcani-u-prvom-svjetskom-ratu","status":"publish","type":"page","link":"https:\/\/vjesnik.riarhiv.hr\/wordpress\/?page_id=68","title":{"rendered":"Christian Grailach i Dra\u0161ko Mar\u0161ani\u0107: Drenov\u010dani u Prvom svjetskom ratu"},"content":{"rendered":"\n<p>U 15. broju Drenovskoga lista, u prosincu 2008., objavio je Dra\u0161ko Mar\u0161ani\u0107 \u010dlanak o Drenov\u010danima u prvom svjetskom ratu prenijev\u0161i dio zapisa \u017eupnika Mate Poli\u0107a u \u017dupnoj knjizi drenovske \u017eupe Liber insertionis historiae neoerectae Parochiae Drenovensis ab anno 1837. (Knjiga dodataka povijesti novoosnovane drenovske \u017eupe od 1837. godine), koju je zapo\u010deo voditi Ivan Cvetko, prvi drenovski \u017eupnik i osniva\u010d \u017eupe Drenova. Kopija knjige je dobrotom dugogodi\u0161njeg drenovskog \u017eupnika, mons. Gabrijela Bratine u digitalnoj zbirci na\u0161ega Zavi\u010dajnog muzeja Drenove i izvor je mnogih povijesnih \u010dinjenica iz pro\u0161losti Drenove.<br>Nisu, na\u017ealost, svi \u017eupnici jednako marljivo sve zapisivali, no sre\u0107om je vl\u010d. Mate Poli\u0107, \u017eupnik Drenove od 1911. do 1919. godine, svojim \u010ditkim i urednim rukopisom zapisao mnoge doga\u0111aje i \u010dinjenice iz toga doba.<\/p>\n\n\n\n<div class=\"wp-block-file\"><a href=\"http:\/\/vjesnik.riarhiv.hr\/wordpress\/wp-content\/uploads\/2020\/05\/VjesnikDARI-61-62-475-Grailach-Marsanic-hr-en-it.pdf\" target=\"_blank\" rel=\"noreferrer noopener\">VjesnikDARI-61-62-475-Grailach-Marsanic-hr-en-it<\/a><a href=\"http:\/\/vjesnik.riarhiv.hr\/wordpress\/wp-content\/uploads\/2020\/05\/VjesnikDARI-61-62-475-Grailach-Marsanic-hr-en-it.pdf\" class=\"wp-block-file__button\" download>Download<\/a><\/div>\n\n\n\n<div class=\"wp-block-columns is-layout-flex wp-container-core-columns-is-layout-9d6595d7 wp-block-columns-is-layout-flex\">\n<div class=\"wp-block-column is-layout-flow wp-block-column-is-layout-flow\">\n<p><a href=\"http:\/\/vjesnik.riarhiv.hr\/wordpress\/?page_id=62\">Prethodni \u010dlanak<\/a><\/p>\n<\/div>\n\n\n\n<div class=\"wp-block-column is-layout-flow wp-block-column-is-layout-flow\"><\/div>\n<\/div>\n","protected":false},"excerpt":{"rendered":"<p>U 15. broju Drenovskoga lista, u prosincu 2008., objavio je Dra\u0161ko Mar\u0161ani\u0107 \u010dlanak o Drenov\u010danima u prvom svjetskom ratu prenijev\u0161i dio zapisa \u017eupnika Mate Poli\u0107a u \u017dupnoj knjizi drenovske \u017eupe Liber insertionis historiae neoerectae Parochiae Drenovensis ab anno 1837. (Knjiga dodataka povijesti novoosnovane drenovske \u017eupe od 1837. godine), koju je zapo\u010deo voditi Ivan Cvetko, prvi &hellip; <a href=\"https:\/\/vjesnik.riarhiv.hr\/wordpress\/?page_id=68\" class=\"more-link\">Continue reading <span class=\"screen-reader-text\">Christian Grailach i Dra\u0161ko Mar\u0161ani\u0107: Drenov\u010dani u Prvom svjetskom ratu<\/span><\/a><\/p>\n","protected":false},"author":1,"featured_media":0,"parent":0,"menu_order":0,"comment_status":"closed","ping_status":"closed","template":"","meta":{"pgc_sgb_lightbox_settings":"","footnotes":""},"class_list":["post-68","page","type-page","status-publish","hentry"],"_links":{"self":[{"href":"https:\/\/vjesnik.riarhiv.hr\/wordpress\/index.php?rest_route=\/wp\/v2\/pages\/68","targetHints":{"allow":["GET"]}}],"collection":[{"href":"https:\/\/vjesnik.riarhiv.hr\/wordpress\/index.php?rest_route=\/wp\/v2\/pages"}],"about":[{"href":"https:\/\/vjesnik.riarhiv.hr\/wordpress\/index.php?rest_route=\/wp\/v2\/types\/page"}],"author":[{"embeddable":true,"href":"https:\/\/vjesnik.riarhiv.hr\/wordpress\/index.php?rest_route=\/wp\/v2\/users\/1"}],"replies":[{"embeddable":true,"href":"https:\/\/vjesnik.riarhiv.hr\/wordpress\/index.php?rest_route=%2Fwp%2Fv2%2Fcomments&post=68"}],"version-history":[{"count":5,"href":"https:\/\/vjesnik.riarhiv.hr\/wordpress\/index.php?rest_route=\/wp\/v2\/pages\/68\/revisions"}],"predecessor-version":[{"id":291,"href":"https:\/\/vjesnik.riarhiv.hr\/wordpress\/index.php?rest_route=\/wp\/v2\/pages\/68\/revisions\/291"}],"wp:attachment":[{"href":"https:\/\/vjesnik.riarhiv.hr\/wordpress\/index.php?rest_route=%2Fwp%2Fv2%2Fmedia&parent=68"}],"curies":[{"name":"wp","href":"https:\/\/api.w.org\/{rel}","templated":true}]}}