{"id":62,"date":"2020-05-28T08:39:56","date_gmt":"2020-05-28T08:39:56","guid":{"rendered":"http:\/\/vjesnik.riarhiv.hr\/wordpress\/?page_id=62"},"modified":"2020-06-05T12:51:55","modified_gmt":"2020-06-05T12:51:55","slug":"luka-anicic-zbirka-fotografija-tvornice-papira-rijeka","status":"publish","type":"page","link":"https:\/\/vjesnik.riarhiv.hr\/wordpress\/?page_id=62","title":{"rendered":"Luka Ani\u010di\u0107 Zbirka fotografija Tvornice papira Rijeka"},"content":{"rendered":"\n<p>Zbirka fotografija Tvornice papira Rijeka (HR-DARI-920) formirana je izdvajanjem fotografija iz gradiva Tvornice papira Rijeka d.d. koje je Dr\u017eavni arhiv u Rijeci preuzeo po slu\u017ebenoj du\u017enosti 24. o\u017eujka 2006. godine. Fotografije su smje\u0161tene u deset fotografskih albuma s precizno odre\u0111enom tematikom putem izvornog naslova albuma: <em>V kongres saveza sindikata Jugoslavije, VI kongres saveza sindikata Jugoslavije, VII kongres saveza sindikata Jugoslavije, VIII kongres SKJ, II kongres samo-upravlja\u010da Jugoslavije, Tvornica papira Rijeka \u2013 Izlo\u017eba intergrafika \u201970. u Zagrebu, Tvornica papira Rijeka \u2013 Novi papirni stroj in pove\u0107anje termocentrale, Borbe i proslave, Kragujeva\u010dki oktobar, Loznica<\/em>. Izra\u0111en je tabli\u010dni opis za svaki album putem kojeg se identificira doga\u0111aj, mjesto, vrijeme i akteri. U zbirci se nalazi 417 fotografija. Negativi nisu prona\u0111eni.<\/p>\n\n\n\n<div class=\"wp-block-file\"><a href=\"http:\/\/vjesnik.riarhiv.hr\/wordpress\/wp-content\/uploads\/2020\/05\/VjesnikDARI-61-62-457-Anicic-hr-en-it.pdf\" target=\"_blank\" rel=\"noreferrer noopener\">VjesnikDARI-61-62-457-Anicic-hr-en-it<\/a><a href=\"http:\/\/vjesnik.riarhiv.hr\/wordpress\/wp-content\/uploads\/2020\/05\/VjesnikDARI-61-62-457-Anicic-hr-en-it.pdf\" class=\"wp-block-file__button\" download>Download<\/a><\/div>\n\n\n\n<div class=\"wp-block-columns is-layout-flex wp-container-core-columns-is-layout-9d6595d7 wp-block-columns-is-layout-flex\">\n<div class=\"wp-block-column is-layout-flow wp-block-column-is-layout-flow\">\n<p><a href=\"http:\/\/vjesnik.riarhiv.hr\/wordpress\/?page_id=60\">Prethodni \u010dlanak<\/a><\/p>\n<\/div>\n\n\n\n<div class=\"wp-block-column is-layout-flow wp-block-column-is-layout-flow\">\n<p><a href=\"http:\/\/vjesnik.riarhiv.hr\/wordpress\/?page_id=68\">Sljede\u0107i \u010dlanak<\/a><\/p>\n<\/div>\n<\/div>\n","protected":false},"excerpt":{"rendered":"<p>Zbirka fotografija Tvornice papira Rijeka (HR-DARI-920) formirana je izdvajanjem fotografija iz gradiva Tvornice papira Rijeka d.d. koje je Dr\u017eavni arhiv u Rijeci preuzeo po slu\u017ebenoj du\u017enosti 24. o\u017eujka 2006. godine. Fotografije su smje\u0161tene u deset fotografskih albuma s precizno odre\u0111enom tematikom putem izvornog naslova albuma: V kongres saveza sindikata Jugoslavije, VI kongres saveza sindikata Jugoslavije, &hellip; <a href=\"https:\/\/vjesnik.riarhiv.hr\/wordpress\/?page_id=62\" class=\"more-link\">Continue reading <span class=\"screen-reader-text\">Luka Ani\u010di\u0107 Zbirka fotografija Tvornice papira Rijeka<\/span><\/a><\/p>\n","protected":false},"author":1,"featured_media":0,"parent":0,"menu_order":0,"comment_status":"closed","ping_status":"closed","template":"","meta":{"pgc_sgb_lightbox_settings":"","footnotes":""},"class_list":["post-62","page","type-page","status-publish","hentry"],"_links":{"self":[{"href":"https:\/\/vjesnik.riarhiv.hr\/wordpress\/index.php?rest_route=\/wp\/v2\/pages\/62","targetHints":{"allow":["GET"]}}],"collection":[{"href":"https:\/\/vjesnik.riarhiv.hr\/wordpress\/index.php?rest_route=\/wp\/v2\/pages"}],"about":[{"href":"https:\/\/vjesnik.riarhiv.hr\/wordpress\/index.php?rest_route=\/wp\/v2\/types\/page"}],"author":[{"embeddable":true,"href":"https:\/\/vjesnik.riarhiv.hr\/wordpress\/index.php?rest_route=\/wp\/v2\/users\/1"}],"replies":[{"embeddable":true,"href":"https:\/\/vjesnik.riarhiv.hr\/wordpress\/index.php?rest_route=%2Fwp%2Fv2%2Fcomments&post=62"}],"version-history":[{"count":5,"href":"https:\/\/vjesnik.riarhiv.hr\/wordpress\/index.php?rest_route=\/wp\/v2\/pages\/62\/revisions"}],"predecessor-version":[{"id":293,"href":"https:\/\/vjesnik.riarhiv.hr\/wordpress\/index.php?rest_route=\/wp\/v2\/pages\/62\/revisions\/293"}],"wp:attachment":[{"href":"https:\/\/vjesnik.riarhiv.hr\/wordpress\/index.php?rest_route=%2Fwp%2Fv2%2Fmedia&parent=62"}],"curies":[{"name":"wp","href":"https:\/\/api.w.org\/{rel}","templated":true}]}}