{"id":60,"date":"2020-05-28T08:39:31","date_gmt":"2020-05-28T08:39:31","guid":{"rendered":"http:\/\/vjesnik.riarhiv.hr\/wordpress\/?page_id=60"},"modified":"2020-06-05T12:50:16","modified_gmt":"2020-06-05T12:50:16","slug":"luka-anicic-zbirka-fotografija-croatia-line-d-d-u-stecaju-jugoslavenska-linijska-plovidba","status":"publish","type":"page","link":"https:\/\/vjesnik.riarhiv.hr\/wordpress\/?page_id=60","title":{"rendered":"Luka Ani\u010di\u0107 Zbirka fotografija Croatia line d.d. (u ste\u010daju) (Jugoslavenska linijska plovidba)"},"content":{"rendered":"\n<p>Zbirku fotografija Croatia line d.d. u ste\u010daju (HR-DARI-919) obradio je Luka Ani\u010di\u0107 pod mentorstvom Amira Obho\u0111a\u0161a tijekom 2009. godine kao prakti\u010dni dio ispita za dobivanje stru\u010dnog zvanja <em>arhivist<\/em>. Dru\u0161tveno poduze\u0107e Croatia line je pravni i poslovni slijednik poduze\u0107a Jugoslavenska linijska plovidba \u2013 Jugolinija osnovanog 1947. godine. Zbirku fotografija preuzeo je Dr\u017eavni arhiv u Rijeci po slu\u017ebenoj du\u017enosti u travnju 2002. godine. Sadr\u017eajno je zbirka podijeljena u tri serije: Brodovi, Portreti djelatnika i Razno. U pravilu rije\u010d je o pozitivima fotografija iako se u zbirci nalazi i manji broj negativa. O fotografijama je skrbio Odjel za reklamu i propagandu. Stvaratelj nije imao vlastitu foto slu\u017ebu, nego su sve fotografije nastale radom vanjskih suradnika ili fotografa-amatera.<\/p>\n\n\n\n<p>Zbirka se vodi kao otvorena zbirka fotografija obzirom da fond HR-DARI-743 Jugolinija\/Croatia line (1947. \u2013 2000.) nije arhivisti\u010dki sre\u0111en, te je opravdano pretpostaviti da \u0107e se sre\u0111ivanjem spomenutog fonda prona\u0107i jo\u0161 fotografija ili relevantnih informacija za zbirku.<\/p>\n\n\n\n<div class=\"wp-block-file\"><a href=\"http:\/\/vjesnik.riarhiv.hr\/wordpress\/wp-content\/uploads\/2020\/05\/VjesnikDARI-61-62-437-Anicic-hr-en-it.pdf\" target=\"_blank\" rel=\"noreferrer noopener\">VjesnikDARI-61-62-437-Anicic-hr-en-it<\/a><a href=\"http:\/\/vjesnik.riarhiv.hr\/wordpress\/wp-content\/uploads\/2020\/05\/VjesnikDARI-61-62-437-Anicic-hr-en-it.pdf\" class=\"wp-block-file__button\" download>Download<\/a><\/div>\n\n\n\n<div class=\"wp-block-columns is-layout-flex wp-container-core-columns-is-layout-9d6595d7 wp-block-columns-is-layout-flex\">\n<div class=\"wp-block-column is-layout-flow wp-block-column-is-layout-flow\">\n<p><a href=\"http:\/\/vjesnik.riarhiv.hr\/wordpress\/?page_id=58\">Prethodni \u010dlanak<\/a><\/p>\n<\/div>\n\n\n\n<div class=\"wp-block-column is-layout-flow wp-block-column-is-layout-flow\">\n<p><a href=\"http:\/\/vjesnik.riarhiv.hr\/wordpress\/?page_id=62\">Sljede\u0107i \u010dlanak<\/a><\/p>\n<\/div>\n<\/div>\n","protected":false},"excerpt":{"rendered":"<p>Zbirku fotografija Croatia line d.d. u ste\u010daju (HR-DARI-919) obradio je Luka Ani\u010di\u0107 pod mentorstvom Amira Obho\u0111a\u0161a tijekom 2009. godine kao prakti\u010dni dio ispita za dobivanje stru\u010dnog zvanja arhivist. Dru\u0161tveno poduze\u0107e Croatia line je pravni i poslovni slijednik poduze\u0107a Jugoslavenska linijska plovidba \u2013 Jugolinija osnovanog 1947. godine. Zbirku fotografija preuzeo je Dr\u017eavni arhiv u Rijeci po &hellip; <a href=\"https:\/\/vjesnik.riarhiv.hr\/wordpress\/?page_id=60\" class=\"more-link\">Continue reading <span class=\"screen-reader-text\">Luka Ani\u010di\u0107 Zbirka fotografija Croatia line d.d. (u ste\u010daju) (Jugoslavenska linijska plovidba)<\/span><\/a><\/p>\n","protected":false},"author":1,"featured_media":0,"parent":0,"menu_order":0,"comment_status":"closed","ping_status":"closed","template":"","meta":{"pgc_sgb_lightbox_settings":"","footnotes":""},"class_list":["post-60","page","type-page","status-publish","hentry"],"_links":{"self":[{"href":"https:\/\/vjesnik.riarhiv.hr\/wordpress\/index.php?rest_route=\/wp\/v2\/pages\/60","targetHints":{"allow":["GET"]}}],"collection":[{"href":"https:\/\/vjesnik.riarhiv.hr\/wordpress\/index.php?rest_route=\/wp\/v2\/pages"}],"about":[{"href":"https:\/\/vjesnik.riarhiv.hr\/wordpress\/index.php?rest_route=\/wp\/v2\/types\/page"}],"author":[{"embeddable":true,"href":"https:\/\/vjesnik.riarhiv.hr\/wordpress\/index.php?rest_route=\/wp\/v2\/users\/1"}],"replies":[{"embeddable":true,"href":"https:\/\/vjesnik.riarhiv.hr\/wordpress\/index.php?rest_route=%2Fwp%2Fv2%2Fcomments&post=60"}],"version-history":[{"count":5,"href":"https:\/\/vjesnik.riarhiv.hr\/wordpress\/index.php?rest_route=\/wp\/v2\/pages\/60\/revisions"}],"predecessor-version":[{"id":292,"href":"https:\/\/vjesnik.riarhiv.hr\/wordpress\/index.php?rest_route=\/wp\/v2\/pages\/60\/revisions\/292"}],"wp:attachment":[{"href":"https:\/\/vjesnik.riarhiv.hr\/wordpress\/index.php?rest_route=%2Fwp%2Fv2%2Fmedia&parent=60"}],"curies":[{"name":"wp","href":"https:\/\/api.w.org\/{rel}","templated":true}]}}