{"id":6,"date":"2020-05-27T13:27:50","date_gmt":"2020-05-27T13:27:50","guid":{"rendered":"http:\/\/vjesnik.riarhiv.hr\/wordpress\/?page_id=6"},"modified":"2020-06-02T08:25:16","modified_gmt":"2020-06-02T08:25:16","slug":"vjesnik-dari-lxi-lxii","status":"publish","type":"page","link":"https:\/\/vjesnik.riarhiv.hr\/wordpress\/","title":{"rendered":"Vjesnik DARI LXI\/LXII"},"content":{"rendered":"\n<h4 class=\"wp-block-heading\">Goran Crnkovi\u0107<\/h4>\n\n\n\n<h2 class=\"wp-block-heading\">Uvodna rije\u010d<\/h2>\n\n\n\n<p>Arhivisti\u010dkoj, znanstvenoj i kulturnoj javnosti podastiremo novi Vjesnik Dr\u017eavnog arhiva u Rijeci, dvobroj LXI-LXII za 2020. godinu. Radi se o izdanju s nizom priloga koji su rezultat napora na\u0161e ustanove u predstavljanju zna\u010dajnih tema iz hrvatske i rije\u010dke povijesti istovremeno europskog zna\u010denja, s utjecajem na puno \u0161iri prostor od domovinskog. Pro\u0161le godine je u Italiji obilje\u017eena stota obljetnica nasilnog ulaska u Rijeku Gabrielea D\u2019Annunzija s njegovom paravojskom razvoja\u010denih talijanskih vojnika, 12. rujna 1919. godine a \u0161to je rezultiralo aneksijom Rijeke Italiji 1924. godine. Taj je doga\u0111aj obilje\u017een brojnim proslavama, skupovima pa i podizanjem spomenika u sredi\u0161tu Trsta. Uglavnom se to svelo na slavljenje D\u2019Annunzija kao pjesnika naprednjaka, neustra\u0161ivog junaka, zavodnika, slobodoumnika. Sve je to ponukalo na\u0161u ustanovu da u suradnji s Hrvatskim dr\u017eavnim arhivom pripremimo zbornik radova Izbjeglice i \u0161tete za D\u2019Annunzijeva re\u017eima i objavimo izvore u Vjesniku Dr\u017eavnog arhiva u Rijeci iz kojih \u0107e se i\u0161\u010ditati nesno\u0161ljivost i postupci u vrijeme D\u2019Annunzijeve vlasti prema netalijanskom stanovni\u0161tvu.<\/p>\n\n\n\n<figure class=\"wp-block-image size-large\"><img loading=\"lazy\" decoding=\"async\" width=\"800\" height=\"526\" src=\"http:\/\/vjesnik.riarhiv.hr\/wordpress\/wp-content\/uploads\/2020\/05\/vjesnik-dari-6162.jpg\" alt=\"\" class=\"wp-image-7\" srcset=\"https:\/\/vjesnik.riarhiv.hr\/wordpress\/wp-content\/uploads\/2020\/05\/vjesnik-dari-6162.jpg 800w, https:\/\/vjesnik.riarhiv.hr\/wordpress\/wp-content\/uploads\/2020\/05\/vjesnik-dari-6162-300x197.jpg 300w, https:\/\/vjesnik.riarhiv.hr\/wordpress\/wp-content\/uploads\/2020\/05\/vjesnik-dari-6162-768x505.jpg 768w, https:\/\/vjesnik.riarhiv.hr\/wordpress\/wp-content\/uploads\/2020\/05\/vjesnik-dari-6162-192x126.jpg 192w\" sizes=\"auto, (max-width: 800px) 100vw, 800px\" \/><figcaption style=\"font-size: 15px; text-align: center\">Ovitak Vjesnika Dr\u017eavnog arhiva u Rijeci, svezak LXI\/LXII<\/figcaption><\/figure>\n\n\n\n<p>Vjesnik Dr\u017eavnog arhiva u Rijeci izlazi u kontinuitetu ve\u0107 67 godina. Nastavljamo s nastojanjima koja su stvorila jednu od najdugovje\u010dnijih serijskih publikacija u na\u0161em zavi\u010daju i pozivamo sve na\u0161e biv\u0161e i budu\u0107e suradnike da nam se jave sa svojim prilozima. Posao koji je pred nama na podru\u010dju arhivistike i povijesnih znanosti je velik, obiman i zahtjevan. Preostaje nam, kao i dosada, me\u0111usobno povezivanje, rad na projektima sa srodnim ustanovama i s pojedincima na temama koje nas povezuju. U tome \u0107e svi imati na\u0161u potporu i slobodan prostor na stranicama Vjesnika Dr\u017eavnog arhiva u Rijeci.<br><\/p>\n\n\n\n<div class=\"wp-block-file\"><a href=\"http:\/\/vjesnik.riarhiv.hr\/wordpress\/wp-content\/uploads\/2020\/06\/VjesnikDARI-61-62-1-Crnkovic-uvodnik-hr-en-itovitak-kazalo-impressum.pdf\" target=\"_blank\" rel=\"noreferrer noopener\">VjesnikDARI-61-62-1-Crnkovic-uvodnik-hr-en-it+ovitak-kazalo-impressum<\/a><a href=\"http:\/\/vjesnik.riarhiv.hr\/wordpress\/wp-content\/uploads\/2020\/06\/VjesnikDARI-61-62-1-Crnkovic-uvodnik-hr-en-itovitak-kazalo-impressum.pdf\" class=\"wp-block-file__button\" download>Download<\/a><\/div>\n\n\n\n<p>Prvi \u010dlanak: <a href=\"http:\/\/vjesnik.riarhiv.hr\/wordpress\/?page_id=13\">Boris Zako\u0161ek i Sandro Poropat: Rijeka 1919. Fa\u0161izam prije fa\u0161izma. D\u2019Annunzio i danuncijada u gradivu Dr\u017eavnog arhiva u Rijeci<\/a><\/p>\n","protected":false},"excerpt":{"rendered":"<p>Goran Crnkovi\u0107 Uvodna rije\u010d Arhivisti\u010dkoj, znanstvenoj i kulturnoj javnosti podastiremo novi Vjesnik Dr\u017eavnog arhiva u Rijeci, dvobroj LXI-LXII za 2020. godinu. Radi se o izdanju s nizom priloga koji su rezultat napora na\u0161e ustanove u predstavljanju zna\u010dajnih tema iz hrvatske i rije\u010dke povijesti istovremeno europskog zna\u010denja, s utjecajem na puno \u0161iri prostor od domovinskog. Pro\u0161le &hellip; <a href=\"https:\/\/vjesnik.riarhiv.hr\/wordpress\/\" class=\"more-link\">Continue reading <span class=\"screen-reader-text\">Vjesnik DARI LXI\/LXII<\/span><\/a><\/p>\n","protected":false},"author":1,"featured_media":0,"parent":0,"menu_order":0,"comment_status":"closed","ping_status":"closed","template":"","meta":{"pgc_sgb_lightbox_settings":"","footnotes":""},"class_list":["post-6","page","type-page","status-publish","hentry"],"_links":{"self":[{"href":"https:\/\/vjesnik.riarhiv.hr\/wordpress\/index.php?rest_route=\/wp\/v2\/pages\/6","targetHints":{"allow":["GET"]}}],"collection":[{"href":"https:\/\/vjesnik.riarhiv.hr\/wordpress\/index.php?rest_route=\/wp\/v2\/pages"}],"about":[{"href":"https:\/\/vjesnik.riarhiv.hr\/wordpress\/index.php?rest_route=\/wp\/v2\/types\/page"}],"author":[{"embeddable":true,"href":"https:\/\/vjesnik.riarhiv.hr\/wordpress\/index.php?rest_route=\/wp\/v2\/users\/1"}],"replies":[{"embeddable":true,"href":"https:\/\/vjesnik.riarhiv.hr\/wordpress\/index.php?rest_route=%2Fwp%2Fv2%2Fcomments&post=6"}],"version-history":[{"count":9,"href":"https:\/\/vjesnik.riarhiv.hr\/wordpress\/index.php?rest_route=\/wp\/v2\/pages\/6\/revisions"}],"predecessor-version":[{"id":260,"href":"https:\/\/vjesnik.riarhiv.hr\/wordpress\/index.php?rest_route=\/wp\/v2\/pages\/6\/revisions\/260"}],"wp:attachment":[{"href":"https:\/\/vjesnik.riarhiv.hr\/wordpress\/index.php?rest_route=%2Fwp%2Fv2%2Fmedia&parent=6"}],"curies":[{"name":"wp","href":"https:\/\/api.w.org\/{rel}","templated":true}]}}