{"id":58,"date":"2020-05-28T08:38:58","date_gmt":"2020-05-28T08:38:58","guid":{"rendered":"http:\/\/vjesnik.riarhiv.hr\/wordpress\/?page_id=58"},"modified":"2020-06-08T06:58:41","modified_gmt":"2020-06-08T06:58:41","slug":"rina-blazic-abramovic-lucka-ispostava-krk-1945-1989-sumarni-inventar-arhivskog-fonda-hrdari-517","status":"publish","type":"page","link":"https:\/\/vjesnik.riarhiv.hr\/wordpress\/?page_id=58","title":{"rendered":"Rina Bla\u017ei\u0107 Abramovi\u0107: Lu\u010dka ispostava Krk 1945.-1989. (Sumarni inventar arhivskog fonda HR-DARI-517)"},"content":{"rendered":"\n<p>Fond Lu\u010dka ispostava Krk preuzet je u Dr\u017eavni arhiv u Rijeci 2004. godine od Lu\u010dke kapetanije Rijeka, zajedno s gradivom drugih lu\u010dkih ispostava koje su bile pod njenom nadle\u017eno\u0161\u0107u.<\/p>\n\n\n\n<p>Raspon gradiva stvaratelja obuhva\u0107a godine 1945.-1987. Fond sadr\u017ei dokumentaciju vezanu za rad lu\u010dkog ureda kroz du\u017ei vremenski period, tako da se kroz nju mogu pratiti brojne promjene u organizaciji pomorske uprave na lokalnoj razini, te mijenjanje i oblikovanje sustava pomorskog zakonodavstva u Hrvatskoj i Jugoslaviji.<\/p>\n\n\n\n<p>Fond sadr\u017ei op\u0107u dokumentaciju, kazala, upisnike, evidencije brodova, pomoraca i iskori\u0161tavanja javnog pomorskog dobra, zapise o pomorskim prekr\u0161ajima i nezgodama, te carinskoj slu\u017ebi. Ve\u0107i dio dokumentacije odnosi se na evidenciju pomoraca. Evidencija prometa brodova, robe i putnika jednim dijelom se odnosi na sve kr\u010dke luke, jer je u pojedinim razdobljima Lu\u010dka ispostava Krk bila nadre\u0111ena ostalim lu\u010dkim uredima na otoku, Malinskoj, Omi\u0161lju, \u0160ilu, Vrbniku, Ba\u0161koj i Puntu.<\/p>\n\n\n\n<div class=\"wp-block-file\"><a href=\"http:\/\/vjesnik.riarhiv.hr\/wordpress\/wp-content\/uploads\/2020\/05\/VjesnikDARI-61-62-393-Blazic-Abramovic-hr-en-it.pdf\" target=\"_blank\" rel=\"noreferrer noopener\">VjesnikDARI-61-62-393-Blazic-Abramovic-hr-en-it<\/a><a href=\"http:\/\/vjesnik.riarhiv.hr\/wordpress\/wp-content\/uploads\/2020\/05\/VjesnikDARI-61-62-393-Blazic-Abramovic-hr-en-it.pdf\" class=\"wp-block-file__button\" download>Download<\/a><\/div>\n\n\n\n<div class=\"wp-block-columns is-layout-flex wp-container-core-columns-is-layout-9d6595d7 wp-block-columns-is-layout-flex\">\n<div class=\"wp-block-column is-layout-flow wp-block-column-is-layout-flow\">\n<p><a href=\"http:\/\/vjesnik.riarhiv.hr\/wordpress\/?page_id=192\">Prethodni \u010dlanak<\/a><\/p>\n<\/div>\n\n\n\n<div class=\"wp-block-column is-layout-flow wp-block-column-is-layout-flow\">\n<p><a href=\"http:\/\/vjesnik.riarhiv.hr\/wordpress\/?page_id=60\">Sljede\u0107i \u010dlanak<\/a><\/p>\n<\/div>\n<\/div>\n","protected":false},"excerpt":{"rendered":"<p>Fond Lu\u010dka ispostava Krk preuzet je u Dr\u017eavni arhiv u Rijeci 2004. godine od Lu\u010dke kapetanije Rijeka, zajedno s gradivom drugih lu\u010dkih ispostava koje su bile pod njenom nadle\u017eno\u0161\u0107u. Raspon gradiva stvaratelja obuhva\u0107a godine 1945.-1987. Fond sadr\u017ei dokumentaciju vezanu za rad lu\u010dkog ureda kroz du\u017ei vremenski period, tako da se kroz nju mogu pratiti brojne &hellip; <a href=\"https:\/\/vjesnik.riarhiv.hr\/wordpress\/?page_id=58\" class=\"more-link\">Continue reading <span class=\"screen-reader-text\">Rina Bla\u017ei\u0107 Abramovi\u0107: Lu\u010dka ispostava Krk 1945.-1989. (Sumarni inventar arhivskog fonda HR-DARI-517)<\/span><\/a><\/p>\n","protected":false},"author":1,"featured_media":0,"parent":0,"menu_order":0,"comment_status":"closed","ping_status":"closed","template":"","meta":{"pgc_sgb_lightbox_settings":"","footnotes":""},"class_list":["post-58","page","type-page","status-publish","hentry"],"_links":{"self":[{"href":"https:\/\/vjesnik.riarhiv.hr\/wordpress\/index.php?rest_route=\/wp\/v2\/pages\/58","targetHints":{"allow":["GET"]}}],"collection":[{"href":"https:\/\/vjesnik.riarhiv.hr\/wordpress\/index.php?rest_route=\/wp\/v2\/pages"}],"about":[{"href":"https:\/\/vjesnik.riarhiv.hr\/wordpress\/index.php?rest_route=\/wp\/v2\/types\/page"}],"author":[{"embeddable":true,"href":"https:\/\/vjesnik.riarhiv.hr\/wordpress\/index.php?rest_route=\/wp\/v2\/users\/1"}],"replies":[{"embeddable":true,"href":"https:\/\/vjesnik.riarhiv.hr\/wordpress\/index.php?rest_route=%2Fwp%2Fv2%2Fcomments&post=58"}],"version-history":[{"count":7,"href":"https:\/\/vjesnik.riarhiv.hr\/wordpress\/index.php?rest_route=\/wp\/v2\/pages\/58\/revisions"}],"predecessor-version":[{"id":296,"href":"https:\/\/vjesnik.riarhiv.hr\/wordpress\/index.php?rest_route=\/wp\/v2\/pages\/58\/revisions\/296"}],"wp:attachment":[{"href":"https:\/\/vjesnik.riarhiv.hr\/wordpress\/index.php?rest_route=%2Fwp%2Fv2%2Fmedia&parent=58"}],"curies":[{"name":"wp","href":"https:\/\/api.w.org\/{rel}","templated":true}]}}