{"id":56,"date":"2020-05-28T08:38:25","date_gmt":"2020-05-28T08:38:25","guid":{"rendered":"http:\/\/vjesnik.riarhiv.hr\/wordpress\/?page_id=56"},"modified":"2020-06-08T07:05:48","modified_gmt":"2020-06-08T07:05:48","slug":"dokumenti-rapallski-ugovor-anti-habsburska-konvencija-izjava-jugoslavenskih-zastupnika-za-krajeve-sto-po-rapallskom-ugovoru-imaju-da-padnu-pod-italiju","status":"publish","type":"page","link":"https:\/\/vjesnik.riarhiv.hr\/wordpress\/?page_id=56","title":{"rendered":"Dokumenti: Rapallski ugovor, Anti-habsbur\u0161ka konvencija, Izjava jugoslavenskih zastupnika za krajeve \u0161to po Rapallskom ugovoru imaju da padnu pod Italiju"},"content":{"rendered":"\n<figure class=\"wp-block-image size-large\"><img loading=\"lazy\" decoding=\"async\" width=\"797\" height=\"645\" src=\"http:\/\/vjesnik.riarhiv.hr\/wordpress\/wp-content\/uploads\/2020\/06\/rapal.jpg\" alt=\"\" class=\"wp-image-299\" srcset=\"https:\/\/vjesnik.riarhiv.hr\/wordpress\/wp-content\/uploads\/2020\/06\/rapal.jpg 797w, https:\/\/vjesnik.riarhiv.hr\/wordpress\/wp-content\/uploads\/2020\/06\/rapal-300x243.jpg 300w, https:\/\/vjesnik.riarhiv.hr\/wordpress\/wp-content\/uploads\/2020\/06\/rapal-768x622.jpg 768w, https:\/\/vjesnik.riarhiv.hr\/wordpress\/wp-content\/uploads\/2020\/06\/rapal-192x155.jpg 192w\" sizes=\"auto, (max-width: 797px) 100vw, 797px\" \/><\/figure>\n\n\n\n<div class=\"wp-block-file\"><a href=\"http:\/\/vjesnik.riarhiv.hr\/wordpress\/wp-content\/uploads\/2020\/05\/VjesnikDARI-61-62-365-Dokumenti-Rapall-hr.pdf\" target=\"_blank\" rel=\"noreferrer noopener\">VjesnikDARI-61-62-365-Dokumenti-Rapall-hr<\/a><a href=\"http:\/\/vjesnik.riarhiv.hr\/wordpress\/wp-content\/uploads\/2020\/05\/VjesnikDARI-61-62-365-Dokumenti-Rapall-hr.pdf\" class=\"wp-block-file__button\" download>Download<\/a><\/div>\n\n\n\n<div class=\"wp-block-columns is-layout-flex wp-container-core-columns-is-layout-9d6595d7 wp-block-columns-is-layout-flex\">\n<div class=\"wp-block-column is-layout-flow wp-block-column-is-layout-flow\">\n<p><a href=\"http:\/\/vjesnik.riarhiv.hr\/wordpress\/?page_id=54\">Prethodni \u010dlanak<\/a><\/p>\n<\/div>\n\n\n\n<div class=\"wp-block-column is-layout-flow wp-block-column-is-layout-flow\">\n<p><a href=\"http:\/\/vjesnik.riarhiv.hr\/wordpress\/?page_id=194\">Sljede\u0107i \u010dlanak<\/a><\/p>\n<\/div>\n<\/div>\n","protected":false},"excerpt":{"rendered":"<p>Prethodni \u010dlanak Sljede\u0107i \u010dlanak<\/p>\n","protected":false},"author":1,"featured_media":0,"parent":0,"menu_order":0,"comment_status":"closed","ping_status":"closed","template":"","meta":{"pgc_sgb_lightbox_settings":"","footnotes":""},"class_list":["post-56","page","type-page","status-publish","hentry"],"_links":{"self":[{"href":"https:\/\/vjesnik.riarhiv.hr\/wordpress\/index.php?rest_route=\/wp\/v2\/pages\/56","targetHints":{"allow":["GET"]}}],"collection":[{"href":"https:\/\/vjesnik.riarhiv.hr\/wordpress\/index.php?rest_route=\/wp\/v2\/pages"}],"about":[{"href":"https:\/\/vjesnik.riarhiv.hr\/wordpress\/index.php?rest_route=\/wp\/v2\/types\/page"}],"author":[{"embeddable":true,"href":"https:\/\/vjesnik.riarhiv.hr\/wordpress\/index.php?rest_route=\/wp\/v2\/users\/1"}],"replies":[{"embeddable":true,"href":"https:\/\/vjesnik.riarhiv.hr\/wordpress\/index.php?rest_route=%2Fwp%2Fv2%2Fcomments&post=56"}],"version-history":[{"count":6,"href":"https:\/\/vjesnik.riarhiv.hr\/wordpress\/index.php?rest_route=\/wp\/v2\/pages\/56\/revisions"}],"predecessor-version":[{"id":300,"href":"https:\/\/vjesnik.riarhiv.hr\/wordpress\/index.php?rest_route=\/wp\/v2\/pages\/56\/revisions\/300"}],"wp:attachment":[{"href":"https:\/\/vjesnik.riarhiv.hr\/wordpress\/index.php?rest_route=%2Fwp%2Fv2%2Fmedia&parent=56"}],"curies":[{"name":"wp","href":"https:\/\/api.w.org\/{rel}","templated":true}]}}