{"id":50,"date":"2020-05-28T08:29:36","date_gmt":"2020-05-28T08:29:36","guid":{"rendered":"http:\/\/vjesnik.riarhiv.hr\/wordpress\/?page_id=50"},"modified":"2020-06-05T11:54:27","modified_gmt":"2020-06-05T11:54:27","slug":"ljubinka-toseva-karpowicz-pohara-u-stanu-paroha-save-kosanovica-13-i-22-rujna-1919-godine","status":"publish","type":"page","link":"https:\/\/vjesnik.riarhiv.hr\/wordpress\/?page_id=50","title":{"rendered":"Ljubinka To\u0161eva Karpowicz: Pohara u stanu paroha Save Kosanovi\u0107a 13. i 22. rujna 1919. godine"},"content":{"rendered":"\n<p>Dana 12. rujna 1919. Rijeku je okupirao talijanski pjesnik, iredentist, monarhist dobrovoljac, nacionalist Gabriele D\u2019Annunzio. Taj je pothvat bio planiran ve\u0107 dvanaest mjeseci, a u tome su veliku ulogu imali rije\u010dki iredentisti, kasnije fa\u0161isti. Njihova veza s talijanskom diplomacijom bila je neposredna, prema tome, u jednu ruku i legalna.<br>Iako je nacionalni sukob na relaciji Talijani &#8211; Hrvati Rijeke tinjao jo\u0161 od 1868. godine, odnosno od Hrvatsko-ugarske nagodbe. Nakon Prvog svjetskog rata taj se sukob razbuktao. Povod je bio instaliranje jednog ogranka Narodnog Vije\u0107a Srba, Hrvata i Slovenaca u Rijeci 29. listopada 1918. &#8211; Narodnog vije\u0107a SHS za Rijeku i Su\u0161ak, nakon odlaska posljednjeg guvernera iz Rijeke.<br>Talijanski iredentisti Rijeke su tajno utemeljili Talijansko Nacionalno vije\u0107e (Consiglio Nazionale Italiano) u no\u0107i izme\u0111u 6. i 7. listopada protiv rije\u010dkog Narodnog vije\u0107a SHS kao djela Narodnog vije\u0107a SHS iz Zagreba (6. listopada 1918.), te su 30. listopada proglasom objavili da se \u017eele ujediniti s Italijom.<\/p>\n\n\n\n<div class=\"wp-block-file\"><a href=\"http:\/\/vjesnik.riarhiv.hr\/wordpress\/wp-content\/uploads\/2020\/05\/VjesnikDARI-61-62-333-Toseva-Karpovicz-hr-en-it.pdf\" target=\"_blank\" rel=\"noreferrer noopener\">VjesnikDARI-61-62-333-Toseva-Karpovicz-hr-en-it<\/a><a href=\"http:\/\/vjesnik.riarhiv.hr\/wordpress\/wp-content\/uploads\/2020\/05\/VjesnikDARI-61-62-333-Toseva-Karpovicz-hr-en-it.pdf\" class=\"wp-block-file__button\" download>Download<\/a><\/div>\n\n\n\n<div class=\"wp-block-columns is-layout-flex wp-container-core-columns-is-layout-9d6595d7 wp-block-columns-is-layout-flex\">\n<div class=\"wp-block-column is-layout-flow wp-block-column-is-layout-flow\">\n<p><a href=\"http:\/\/vjesnik.riarhiv.hr\/wordpress\/?page_id=48\">Prethodni \u010dlanak<\/a><\/p>\n<\/div>\n\n\n\n<div class=\"wp-block-column is-layout-flow wp-block-column-is-layout-flow\">\n<p><a href=\"http:\/\/vjesnik.riarhiv.hr\/wordpress\/?page_id=52\">Sljede\u0107i \u010dlanak<\/a><\/p>\n<\/div>\n<\/div>\n","protected":false},"excerpt":{"rendered":"<p>Dana 12. rujna 1919. Rijeku je okupirao talijanski pjesnik, iredentist, monarhist dobrovoljac, nacionalist Gabriele D\u2019Annunzio. Taj je pothvat bio planiran ve\u0107 dvanaest mjeseci, a u tome su veliku ulogu imali rije\u010dki iredentisti, kasnije fa\u0161isti. Njihova veza s talijanskom diplomacijom bila je neposredna, prema tome, u jednu ruku i legalna.Iako je nacionalni sukob na relaciji Talijani &hellip; <a href=\"https:\/\/vjesnik.riarhiv.hr\/wordpress\/?page_id=50\" class=\"more-link\">Continue reading <span class=\"screen-reader-text\">Ljubinka To\u0161eva Karpowicz: Pohara u stanu paroha Save Kosanovi\u0107a 13. i 22. rujna 1919. godine<\/span><\/a><\/p>\n","protected":false},"author":1,"featured_media":0,"parent":0,"menu_order":0,"comment_status":"closed","ping_status":"closed","template":"","meta":{"pgc_sgb_lightbox_settings":"","footnotes":""},"class_list":["post-50","page","type-page","status-publish","hentry"],"_links":{"self":[{"href":"https:\/\/vjesnik.riarhiv.hr\/wordpress\/index.php?rest_route=\/wp\/v2\/pages\/50","targetHints":{"allow":["GET"]}}],"collection":[{"href":"https:\/\/vjesnik.riarhiv.hr\/wordpress\/index.php?rest_route=\/wp\/v2\/pages"}],"about":[{"href":"https:\/\/vjesnik.riarhiv.hr\/wordpress\/index.php?rest_route=\/wp\/v2\/types\/page"}],"author":[{"embeddable":true,"href":"https:\/\/vjesnik.riarhiv.hr\/wordpress\/index.php?rest_route=\/wp\/v2\/users\/1"}],"replies":[{"embeddable":true,"href":"https:\/\/vjesnik.riarhiv.hr\/wordpress\/index.php?rest_route=%2Fwp%2Fv2%2Fcomments&post=50"}],"version-history":[{"count":6,"href":"https:\/\/vjesnik.riarhiv.hr\/wordpress\/index.php?rest_route=\/wp\/v2\/pages\/50\/revisions"}],"predecessor-version":[{"id":287,"href":"https:\/\/vjesnik.riarhiv.hr\/wordpress\/index.php?rest_route=\/wp\/v2\/pages\/50\/revisions\/287"}],"wp:attachment":[{"href":"https:\/\/vjesnik.riarhiv.hr\/wordpress\/index.php?rest_route=%2Fwp%2Fv2%2Fmedia&parent=50"}],"curies":[{"name":"wp","href":"https:\/\/api.w.org\/{rel}","templated":true}]}}