{"id":46,"date":"2020-05-28T08:24:15","date_gmt":"2020-05-28T08:24:15","guid":{"rendered":"http:\/\/vjesnik.riarhiv.hr\/wordpress\/?page_id=46"},"modified":"2020-06-05T11:48:54","modified_gmt":"2020-06-05T11:48:54","slug":"slavko-suzic-dannunzio-i-njegova-zlocinacka-vojska","status":"publish","type":"page","link":"https:\/\/vjesnik.riarhiv.hr\/wordpress\/?page_id=46","title":{"rendered":"Slavko Suzi\u0107: D\u2019Annunzio i njegova zlo\u010dina\u010dka vojska"},"content":{"rendered":"\n<p>Gabriele D&#8217;Annunzio je 12. rujna 1919. godine ujutro rano u\u0161ao sa vojskom u grad Rijeku. D&#8217;Annunzio je stigao dan ranije iz Venecije u Ronki u Gori\u010dkoj, odakle se uputio s vojskom dalje, a putem su mu se pridru\u017eili i drugi vojnici. Veliki dio vojske se okupio oko njega u mjestu Matulji. Drugi dio vojske kretao se je Kastav\u0161tinom i to mjestima Jurdani, Ju\u0161i\u0107i, pa su preko Beli\u0107a, \u010cikovi\u0107a, Jur\u010di\u0107a i Zameta u\u0161li u Rijeku. Toga dana, 12. rujna u selu \u010cikovi\u0107i dogodila se stra\u0161na nesre\u0107a. Djeca su na\u0161la odba\u010denu ru\u010dnu granatu od strane D&#8217;Annunzijeve vojske i njome se igrali. Granata je odjedanput eksplodirala. Pri tome je poginulo i te\u0161ko nastradalo petero djece od 6, 8 i 9 godina. Bili su to Stanko \u0106ikovi\u0107 od Josipa, kbr. 119, Ernest Grbac od Antuna, kbr. 90, Ivan Sar\u0161on od Ivana, kbr. 43, Franjo Jur\u010di\u0107 od Ivana i Vjekoslav Grbac od Antuna, kbr. 115.<br>Svu petoricu izmrcvarenih dje\u010daka su vojni\u010dkim automobilom prevezli u bolnicu u Rijeku. Prva dvojica dje\u010daka su odmah poginula, jedan dje\u010dak je umro putem za bolnicu, jedan je te\u0161ko ranjen i jedan je dje\u010dak lak\u0161e ranjen. Zapovjednici D&#8217;Annuzijeve vojske nisu ni\u0161ta poduzeli da vojska ne baca uz cestu ubojitu municiju.<\/p>\n\n\n\n<div class=\"wp-block-file\"><a href=\"http:\/\/vjesnik.riarhiv.hr\/wordpress\/wp-content\/uploads\/2020\/05\/VjesnikDARI-61-62-311-Suzic-hr-en-it.pdf\" target=\"_blank\" rel=\"noreferrer noopener\">VjesnikDARI-61-62-311-Suzic-hr-en-it<\/a><a href=\"http:\/\/vjesnik.riarhiv.hr\/wordpress\/wp-content\/uploads\/2020\/05\/VjesnikDARI-61-62-311-Suzic-hr-en-it.pdf\" class=\"wp-block-file__button\" download>Download<\/a><\/div>\n\n\n\n<div class=\"wp-block-columns is-layout-flex wp-container-core-columns-is-layout-9d6595d7 wp-block-columns-is-layout-flex\">\n<div class=\"wp-block-column is-layout-flow wp-block-column-is-layout-flow\">\n<p><a href=\"http:\/\/vjesnik.riarhiv.hr\/wordpress\/?page_id=44\">Prethodna stranica<\/a><\/p>\n<\/div>\n\n\n\n<div class=\"wp-block-column is-layout-flow wp-block-column-is-layout-flow\">\n<p><a href=\"http:\/\/vjesnik.riarhiv.hr\/wordpress\/?page_id=48\">Sljede\u0107a stranica<\/a><\/p>\n<\/div>\n<\/div>\n","protected":false},"excerpt":{"rendered":"<p>Gabriele D&#8217;Annunzio je 12. rujna 1919. godine ujutro rano u\u0161ao sa vojskom u grad Rijeku. D&#8217;Annunzio je stigao dan ranije iz Venecije u Ronki u Gori\u010dkoj, odakle se uputio s vojskom dalje, a putem su mu se pridru\u017eili i drugi vojnici. Veliki dio vojske se okupio oko njega u mjestu Matulji. Drugi dio vojske kretao &hellip; <a href=\"https:\/\/vjesnik.riarhiv.hr\/wordpress\/?page_id=46\" class=\"more-link\">Continue reading <span class=\"screen-reader-text\">Slavko Suzi\u0107: D\u2019Annunzio i njegova zlo\u010dina\u010dka vojska<\/span><\/a><\/p>\n","protected":false},"author":1,"featured_media":0,"parent":0,"menu_order":0,"comment_status":"closed","ping_status":"closed","template":"","meta":{"pgc_sgb_lightbox_settings":"","footnotes":""},"class_list":["post-46","page","type-page","status-publish","hentry"],"_links":{"self":[{"href":"https:\/\/vjesnik.riarhiv.hr\/wordpress\/index.php?rest_route=\/wp\/v2\/pages\/46","targetHints":{"allow":["GET"]}}],"collection":[{"href":"https:\/\/vjesnik.riarhiv.hr\/wordpress\/index.php?rest_route=\/wp\/v2\/pages"}],"about":[{"href":"https:\/\/vjesnik.riarhiv.hr\/wordpress\/index.php?rest_route=\/wp\/v2\/types\/page"}],"author":[{"embeddable":true,"href":"https:\/\/vjesnik.riarhiv.hr\/wordpress\/index.php?rest_route=\/wp\/v2\/users\/1"}],"replies":[{"embeddable":true,"href":"https:\/\/vjesnik.riarhiv.hr\/wordpress\/index.php?rest_route=%2Fwp%2Fv2%2Fcomments&post=46"}],"version-history":[{"count":5,"href":"https:\/\/vjesnik.riarhiv.hr\/wordpress\/index.php?rest_route=\/wp\/v2\/pages\/46\/revisions"}],"predecessor-version":[{"id":285,"href":"https:\/\/vjesnik.riarhiv.hr\/wordpress\/index.php?rest_route=\/wp\/v2\/pages\/46\/revisions\/285"}],"wp:attachment":[{"href":"https:\/\/vjesnik.riarhiv.hr\/wordpress\/index.php?rest_route=%2Fwp%2Fv2%2Fmedia&parent=46"}],"curies":[{"name":"wp","href":"https:\/\/api.w.org\/{rel}","templated":true}]}}