{"id":44,"date":"2020-05-28T08:20:18","date_gmt":"2020-05-28T08:20:18","guid":{"rendered":"http:\/\/vjesnik.riarhiv.hr\/wordpress\/?page_id=44"},"modified":"2020-06-05T11:44:45","modified_gmt":"2020-06-05T11:44:45","slug":"mladen-urem-svjedocanstvo-svecenika-dr-antona-mrakovcica-o-teroru-ardita-nad-hrvatskim-pucanstvom-u-puntu-na-otoku-krku","status":"publish","type":"page","link":"https:\/\/vjesnik.riarhiv.hr\/wordpress\/?page_id=44","title":{"rendered":"Mladen Urem: Svjedo\u010danstvo sve\u0107enika dr. Antona Mrakov\u010di\u0107a o teroru ardita nad hrvatskim pu\u010danstvom u Puntu na otoku Krku"},"content":{"rendered":"\n<p>Sve\u0107enik dr. Anton Mrakov\u010di\u0107 Andra\u010di\u0107 (Punat 1889.- Rijeka 1960.), od Antona i Antice ro\u0111. \u017dic, ro\u0111en je 20. kolovoza 1889. godine u Puntu na otoku Krku, gdje je zavr\u0161io pu\u010dku \u0161kolu, potom zavr\u0161ava katoli\u010dku bogosloviju u Zadru. U rujnu 1912. godine primio je vi\u0161e redove. Biskup je za njegove prve mise na sve\u0107eni\u010dkom piru strogo zabranio ples i prijetio je kaznom. Ipak, na njegovoj prvoj misi pirovalo se tri dana po starim obi\u010dajima. Hrvatski narod na otoku Krku je privr\u017een katoli\u010dkoj crkvi i obiteljima koje imaju sve\u0107enika, uvijek su vrlo ponosni kada se zaredi novi \u010dlan i to proslave na izuzetan na\u010din.<\/p>\n\n\n\n<div class=\"wp-block-file\"><a href=\"http:\/\/vjesnik.riarhiv.hr\/wordpress\/wp-content\/uploads\/2020\/05\/VjesnikDARI-61-62-305-Urem-hr-en-it.pdf\" target=\"_blank\" rel=\"noreferrer noopener\">VjesnikDARI-61-62-305-Urem-hr-en-it<\/a><a href=\"http:\/\/vjesnik.riarhiv.hr\/wordpress\/wp-content\/uploads\/2020\/05\/VjesnikDARI-61-62-305-Urem-hr-en-it.pdf\" class=\"wp-block-file__button\" download>Download<\/a><\/div>\n\n\n\n<div class=\"wp-block-columns is-layout-flex wp-container-core-columns-is-layout-9d6595d7 wp-block-columns-is-layout-flex\">\n<div class=\"wp-block-column is-layout-flow wp-block-column-is-layout-flow\">\n<p><a href=\"http:\/\/vjesnik.riarhiv.hr\/wordpress\/?page_id=42\">Prethodni \u010dlanak<\/a><\/p>\n<\/div>\n\n\n\n<div class=\"wp-block-column is-layout-flow wp-block-column-is-layout-flow\">\n<p><a href=\"http:\/\/vjesnik.riarhiv.hr\/wordpress\/?page_id=46\">Sljede\u0107i \u010dlanak<\/a><\/p>\n<\/div>\n<\/div>\n","protected":false},"excerpt":{"rendered":"<p>Sve\u0107enik dr. Anton Mrakov\u010di\u0107 Andra\u010di\u0107 (Punat 1889.- Rijeka 1960.), od Antona i Antice ro\u0111. \u017dic, ro\u0111en je 20. kolovoza 1889. godine u Puntu na otoku Krku, gdje je zavr\u0161io pu\u010dku \u0161kolu, potom zavr\u0161ava katoli\u010dku bogosloviju u Zadru. U rujnu 1912. godine primio je vi\u0161e redove. Biskup je za njegove prve mise na sve\u0107eni\u010dkom piru strogo &hellip; <a href=\"https:\/\/vjesnik.riarhiv.hr\/wordpress\/?page_id=44\" class=\"more-link\">Continue reading <span class=\"screen-reader-text\">Mladen Urem: Svjedo\u010danstvo sve\u0107enika dr. Antona Mrakov\u010di\u0107a o teroru ardita nad hrvatskim pu\u010danstvom u Puntu na otoku Krku<\/span><\/a><\/p>\n","protected":false},"author":1,"featured_media":0,"parent":0,"menu_order":0,"comment_status":"closed","ping_status":"closed","template":"","meta":{"pgc_sgb_lightbox_settings":"","footnotes":""},"class_list":["post-44","page","type-page","status-publish","hentry"],"_links":{"self":[{"href":"https:\/\/vjesnik.riarhiv.hr\/wordpress\/index.php?rest_route=\/wp\/v2\/pages\/44","targetHints":{"allow":["GET"]}}],"collection":[{"href":"https:\/\/vjesnik.riarhiv.hr\/wordpress\/index.php?rest_route=\/wp\/v2\/pages"}],"about":[{"href":"https:\/\/vjesnik.riarhiv.hr\/wordpress\/index.php?rest_route=\/wp\/v2\/types\/page"}],"author":[{"embeddable":true,"href":"https:\/\/vjesnik.riarhiv.hr\/wordpress\/index.php?rest_route=\/wp\/v2\/users\/1"}],"replies":[{"embeddable":true,"href":"https:\/\/vjesnik.riarhiv.hr\/wordpress\/index.php?rest_route=%2Fwp%2Fv2%2Fcomments&post=44"}],"version-history":[{"count":5,"href":"https:\/\/vjesnik.riarhiv.hr\/wordpress\/index.php?rest_route=\/wp\/v2\/pages\/44\/revisions"}],"predecessor-version":[{"id":284,"href":"https:\/\/vjesnik.riarhiv.hr\/wordpress\/index.php?rest_route=\/wp\/v2\/pages\/44\/revisions\/284"}],"wp:attachment":[{"href":"https:\/\/vjesnik.riarhiv.hr\/wordpress\/index.php?rest_route=%2Fwp%2Fv2%2Fmedia&parent=44"}],"curies":[{"name":"wp","href":"https:\/\/api.w.org\/{rel}","templated":true}]}}