{"id":42,"date":"2020-05-28T08:16:24","date_gmt":"2020-05-28T08:16:24","guid":{"rendered":"http:\/\/vjesnik.riarhiv.hr\/wordpress\/?page_id=42"},"modified":"2020-06-05T11:43:24","modified_gmt":"2020-06-05T11:43:24","slug":"anton-mrakovcic-moji-susreti-s-talijanima-u-puntu-poslije-prvog-svjetskog-rata","status":"publish","type":"page","link":"https:\/\/vjesnik.riarhiv.hr\/wordpress\/?page_id=42","title":{"rendered":"Anton Mrakov\u010di\u0107: Moji susreti s Talijanima u Puntu poslije Prvog svjetskog rata"},"content":{"rendered":"\n<p>Jedne nedjelje u ve\u010der u oktobru 1920. godine pisao sam ne\u0161to u \u017eupskom uredu. Netko dolazi, \u010dujem korake kuca na vratima, pitam do\u0161ljaka Iva Franoli\u0107a (Juri\u0161i\u0107a): \u201e\u0160to je novo, da dolazite k meni u ovo doba?\u201d Ni\u0161ta nije zla, ali moglo bi biti! &#8211; Poslala me je Duma Fratrova, da Vam re\u010dem, da \u0107e za koji \u010das ona dovesti k Vama Talijane, jer oni tra\u017ee, i zato Vam poru\u010duje, neka sakrijete ili uni\u0161tite, ako imate \u0161togod sumnjivo. \u201eKad Vam je to rekla? Za\u0161to mi to nije do\u0161la sama javiti?\u201d &#8211; \u201eNije mogla, jedva je mogla i ovako Vas obavijestiti! Znate, da Talijani imaju kazermu uz ku\u0107u, gdje Duma Fratrova, babica, stanuje, do\u0161li su k njoj neka im ide pokazati, gdje stanujete, a ona \u2013 boje\u0107i se, da Vam ne bi na\u0161li \u0161togod, \u0161to Vi ne biste \u017eelio da nadju, sjetila se je, da im ponudi bukaletu vina prije nego idu k Vam. Ponudila je, da sjednu, a ona da ide u konobu po vino. Prije nego u konobu, do\u0161la je k meni i rekla mi je, neka Vas idem upozoriti, da \u0107e ih ona morati dovesti, neka budete spremni, a sada idem drugim putem, da se ne bismo susreli!- S Bogom!\u201d<br>Kad sam ostao sam po\u010deo sam razmi\u0161ljati, \u0161to bi moglo biti povod, da ve\u010deras k meni dolaze i odmah sam pomislio, da \u0107e to biti po svoj prilici u vezi s plakatom, \u0161to se je jutros na\u0161ao naljepljen na crkvici sv. Roka na veloj placi. Ja nisam u nikakvoj vezi s tim plakatom, ali se je govorilo po selu, da je taj plakat donesao neki pop iz Raba.<\/p>\n\n\n\n<div class=\"wp-block-file\"><a href=\"http:\/\/vjesnik.riarhiv.hr\/wordpress\/wp-content\/uploads\/2020\/05\/VjesnikDARI-61-62-293-Mrakovcic-hr.pdf\" target=\"_blank\" rel=\"noreferrer noopener\">VjesnikDARI-61-62-293-Mrakovcic-hr<\/a><a href=\"http:\/\/vjesnik.riarhiv.hr\/wordpress\/wp-content\/uploads\/2020\/05\/VjesnikDARI-61-62-293-Mrakovcic-hr.pdf\" class=\"wp-block-file__button\" download>Download<\/a><\/div>\n\n\n\n<div class=\"wp-block-columns is-layout-flex wp-container-core-columns-is-layout-9d6595d7 wp-block-columns-is-layout-flex\">\n<div class=\"wp-block-column is-layout-flow wp-block-column-is-layout-flow\">\n<p><a href=\"http:\/\/vjesnik.riarhiv.hr\/wordpress\/?page_id=40\">Prethodni \u010dlanak<\/a><\/p>\n<\/div>\n\n\n\n<div class=\"wp-block-column is-layout-flow wp-block-column-is-layout-flow\">\n<p><a href=\"http:\/\/vjesnik.riarhiv.hr\/wordpress\/?page_id=44\">Sljede\u0107i \u010dlanak<\/a><\/p>\n<\/div>\n<\/div>\n","protected":false},"excerpt":{"rendered":"<p>Jedne nedjelje u ve\u010der u oktobru 1920. godine pisao sam ne\u0161to u \u017eupskom uredu. Netko dolazi, \u010dujem korake kuca na vratima, pitam do\u0161ljaka Iva Franoli\u0107a (Juri\u0161i\u0107a): \u201e\u0160to je novo, da dolazite k meni u ovo doba?\u201d Ni\u0161ta nije zla, ali moglo bi biti! &#8211; Poslala me je Duma Fratrova, da Vam re\u010dem, da \u0107e za &hellip; <a href=\"https:\/\/vjesnik.riarhiv.hr\/wordpress\/?page_id=42\" class=\"more-link\">Continue reading <span class=\"screen-reader-text\">Anton Mrakov\u010di\u0107: Moji susreti s Talijanima u Puntu poslije Prvog svjetskog rata<\/span><\/a><\/p>\n","protected":false},"author":1,"featured_media":0,"parent":0,"menu_order":0,"comment_status":"closed","ping_status":"closed","template":"","meta":{"pgc_sgb_lightbox_settings":"","footnotes":""},"class_list":["post-42","page","type-page","status-publish","hentry"],"_links":{"self":[{"href":"https:\/\/vjesnik.riarhiv.hr\/wordpress\/index.php?rest_route=\/wp\/v2\/pages\/42","targetHints":{"allow":["GET"]}}],"collection":[{"href":"https:\/\/vjesnik.riarhiv.hr\/wordpress\/index.php?rest_route=\/wp\/v2\/pages"}],"about":[{"href":"https:\/\/vjesnik.riarhiv.hr\/wordpress\/index.php?rest_route=\/wp\/v2\/types\/page"}],"author":[{"embeddable":true,"href":"https:\/\/vjesnik.riarhiv.hr\/wordpress\/index.php?rest_route=\/wp\/v2\/users\/1"}],"replies":[{"embeddable":true,"href":"https:\/\/vjesnik.riarhiv.hr\/wordpress\/index.php?rest_route=%2Fwp%2Fv2%2Fcomments&post=42"}],"version-history":[{"count":7,"href":"https:\/\/vjesnik.riarhiv.hr\/wordpress\/index.php?rest_route=\/wp\/v2\/pages\/42\/revisions"}],"predecessor-version":[{"id":283,"href":"https:\/\/vjesnik.riarhiv.hr\/wordpress\/index.php?rest_route=\/wp\/v2\/pages\/42\/revisions\/283"}],"wp:attachment":[{"href":"https:\/\/vjesnik.riarhiv.hr\/wordpress\/index.php?rest_route=%2Fwp%2Fv2%2Fmedia&parent=42"}],"curies":[{"name":"wp","href":"https:\/\/api.w.org\/{rel}","templated":true}]}}