{"id":40,"date":"2020-05-28T08:13:34","date_gmt":"2020-05-28T08:13:34","guid":{"rendered":"http:\/\/vjesnik.riarhiv.hr\/wordpress\/?page_id=40"},"modified":"2020-06-05T11:39:22","modified_gmt":"2020-06-05T11:39:22","slug":"goran-moravcek-svjedocanstvo-ing-maksa-peca-o-nekim-zbivanjima-u-rijeci-za-vrijeme-dannunzijeve-vladavine-o-progonu-hrvata-rijeke-i-susaka-za-dannunzijeve-okupacije","status":"publish","type":"page","link":"https:\/\/vjesnik.riarhiv.hr\/wordpress\/?page_id=40","title":{"rendered":"Goran Morav\u010dek: Svjedo\u010danstvo ing. Maksa Pe\u010da o nekim zbivanjima u Rijeci za vrijeme D\u2019Annunzijeve vladavine (O progonu Hrvata Rijeke i Su\u0161aka za D\u2019Annunzijeve okupacije)"},"content":{"rendered":"\n<p>Po\u010dev\u0161i od 28. sije\u010dnja 2011. nadalje u vi\u0161e sam navrata razgovarao s ing. Maksom Pe\u010dom (1914.-2016.) kao izravnim svjedokom raznih zbivanjima u Rijeci i na Su\u0161aku koja su dotakla njegov dugi \u017eivot. Razgovarali smo o sve\u0107eniku Martinu Bubnju, kojega su smaknuli komunisti\u010dki aktivisti u Kostreni u prolje\u0107e 1945., o paljenju (1944.) i ru\u0161enju velike rije\u010dke sinagoge (1948.), o njegovom ro\u0111aku sv. Leopoldu Bogdanu Mandi\u0107u te o mnogim drugim temama. O razdoblju D\u2019Annunzijeve vladavine u Rijeci kratko smo razgovarali, jer je 1919.\/1920. godine ing. Maks Pe\u010d bio dje\u010dak koji nije previ\u0161e razumio \u0161to se oko njega zbiva. Pa ipak, njegova sje\u0107anja su zanimljiva, jer je 2011. godine bio posljednji \u017eivi svjedok D\u2019Annunzijeve rije\u010dke avanture. Ing. Maks Pe\u010d bio je jedan od najosebujnijih ljudi koje sam upoznao, ali ne samo zbog vitalnosti i bistrog pam\u0107enja koje je iskazivao u poznim godinama ve\u0107 i stoga \u0161to je bio izuzetno svestran i duhovit sugovornik.<\/p>\n\n\n\n<div class=\"wp-block-file\"><a href=\"http:\/\/vjesnik.riarhiv.hr\/wordpress\/wp-content\/uploads\/2020\/05\/VjesnikDARI-61-62-283-Moravcek-hr-en-it.pdf\" target=\"_blank\" rel=\"noreferrer noopener\">VjesnikDARI-61-62-283-Moravcek-hr-en-it<\/a><a href=\"http:\/\/vjesnik.riarhiv.hr\/wordpress\/wp-content\/uploads\/2020\/05\/VjesnikDARI-61-62-283-Moravcek-hr-en-it.pdf\" class=\"wp-block-file__button\" download>Download<\/a><\/div>\n\n\n\n<div class=\"wp-block-columns is-layout-flex wp-container-core-columns-is-layout-9d6595d7 wp-block-columns-is-layout-flex\">\n<div class=\"wp-block-column is-layout-flow wp-block-column-is-layout-flow\">\n<p><a href=\"http:\/\/vjesnik.riarhiv.hr\/wordpress\/?page_id=36\">Prethodni \u010dlanak<\/a><\/p>\n<\/div>\n\n\n\n<div class=\"wp-block-column is-layout-flow wp-block-column-is-layout-flow\">\n<p><a href=\"http:\/\/vjesnik.riarhiv.hr\/wordpress\/?page_id=42\">Sljede\u0107i \u010dlanak<\/a><\/p>\n<\/div>\n<\/div>\n","protected":false},"excerpt":{"rendered":"<p>Po\u010dev\u0161i od 28. sije\u010dnja 2011. nadalje u vi\u0161e sam navrata razgovarao s ing. Maksom Pe\u010dom (1914.-2016.) kao izravnim svjedokom raznih zbivanjima u Rijeci i na Su\u0161aku koja su dotakla njegov dugi \u017eivot. Razgovarali smo o sve\u0107eniku Martinu Bubnju, kojega su smaknuli komunisti\u010dki aktivisti u Kostreni u prolje\u0107e 1945., o paljenju (1944.) i ru\u0161enju velike rije\u010dke &hellip; <a href=\"https:\/\/vjesnik.riarhiv.hr\/wordpress\/?page_id=40\" class=\"more-link\">Continue reading <span class=\"screen-reader-text\">Goran Morav\u010dek: Svjedo\u010danstvo ing. Maksa Pe\u010da o nekim zbivanjima u Rijeci za vrijeme D\u2019Annunzijeve vladavine (O progonu Hrvata Rijeke i Su\u0161aka za D\u2019Annunzijeve okupacije)<\/span><\/a><\/p>\n","protected":false},"author":1,"featured_media":0,"parent":0,"menu_order":0,"comment_status":"closed","ping_status":"closed","template":"","meta":{"pgc_sgb_lightbox_settings":"","footnotes":""},"class_list":["post-40","page","type-page","status-publish","hentry"],"_links":{"self":[{"href":"https:\/\/vjesnik.riarhiv.hr\/wordpress\/index.php?rest_route=\/wp\/v2\/pages\/40","targetHints":{"allow":["GET"]}}],"collection":[{"href":"https:\/\/vjesnik.riarhiv.hr\/wordpress\/index.php?rest_route=\/wp\/v2\/pages"}],"about":[{"href":"https:\/\/vjesnik.riarhiv.hr\/wordpress\/index.php?rest_route=\/wp\/v2\/types\/page"}],"author":[{"embeddable":true,"href":"https:\/\/vjesnik.riarhiv.hr\/wordpress\/index.php?rest_route=\/wp\/v2\/users\/1"}],"replies":[{"embeddable":true,"href":"https:\/\/vjesnik.riarhiv.hr\/wordpress\/index.php?rest_route=%2Fwp%2Fv2%2Fcomments&post=40"}],"version-history":[{"count":5,"href":"https:\/\/vjesnik.riarhiv.hr\/wordpress\/index.php?rest_route=\/wp\/v2\/pages\/40\/revisions"}],"predecessor-version":[{"id":282,"href":"https:\/\/vjesnik.riarhiv.hr\/wordpress\/index.php?rest_route=\/wp\/v2\/pages\/40\/revisions\/282"}],"wp:attachment":[{"href":"https:\/\/vjesnik.riarhiv.hr\/wordpress\/index.php?rest_route=%2Fwp%2Fv2%2Fmedia&parent=40"}],"curies":[{"name":"wp","href":"https:\/\/api.w.org\/{rel}","templated":true}]}}