{"id":38,"date":"2020-05-28T08:12:54","date_gmt":"2020-05-28T08:12:54","guid":{"rendered":"http:\/\/vjesnik.riarhiv.hr\/wordpress\/?page_id=38"},"modified":"2020-05-29T11:17:59","modified_gmt":"2020-05-29T11:17:59","slug":"dokumenti-i-svjedocanstva","status":"publish","type":"page","link":"https:\/\/vjesnik.riarhiv.hr\/wordpress\/?page_id=38","title":{"rendered":"Dokumenti i svjedo\u010danstva"},"content":{"rendered":"\n<p><a href=\"http:\/\/vjesnik.riarhiv.hr\/wordpress\/?page_id=40\">Goran Morav\u010dek:<br>Svjedo\u010danstvo ing. Maksa Pe\u010da o nekim zbivanjima u Rijeci za vrijeme<br>D\u2019Annunzijeve vladavine (O progonu Hrvata Rijeke i Su\u0161aka za D\u2019Annunzijeve okupacije)<\/a><\/p>\n\n\n\n<p><a href=\"http:\/\/vjesnik.riarhiv.hr\/wordpress\/?page_id=42\">Anton Mrakov\u010di\u0107:<br>Moji susreti s Talijanima u Puntu poslije Prvog svjetskog rata<\/a><\/p>\n\n\n\n<p><a href=\"http:\/\/vjesnik.riarhiv.hr\/wordpress\/?page_id=44\">Mladen Urem:<br>Svjedo\u010danstvo sve\u0107enika dr. Antona Mrakov\u010di\u0107a o teroru ardita nad hrvatskim pu\u010danstvom u Puntu na otoku Krku<\/a><\/p>\n\n\n\n<p><a href=\"http:\/\/vjesnik.riarhiv.hr\/wordpress\/?page_id=46\">Slavko Suzi\u0107:<br>D\u2019Annunzio i njegova zlo\u010dina\u010dka vojska<\/a><\/p>\n\n\n\n<p><a href=\"http:\/\/vjesnik.riarhiv.hr\/wordpress\/?page_id=48\">Marijan Kodrnja:<br>Izgnanstvo slovenske obitelji Rolih iz Rijeke 1919. godine<\/a><\/p>\n\n\n\n<p><a href=\"http:\/\/vjesnik.riarhiv.hr\/wordpress\/?page_id=50\">Ljubinka To\u0161eva Karpowicz:<br>Pohara u stanu paroha Save Kosanovi\u0107a 13. i 22. rujna 1919. godine<\/a><\/p>\n\n\n\n<p><a href=\"http:\/\/vjesnik.riarhiv.hr\/wordpress\/?page_id=52\">Jonathan Bousfield:<br>Pohvala kulturi nasilja (Suradnik Magazina Jutarnjeg lista bio je na izlo\u017ebi u<br>Trstu koja o D\u2019Annunziju i njegovoj povijesnoj ulozi pri\u010da sasvim druga\u010diju pri\u010du)<\/a><\/p>\n\n\n\n<p><a href=\"http:\/\/vjesnik.riarhiv.hr\/wordpress\/?page_id=54\">Jonathan Bousfield:<br>Gabriele D\u2019Annunzio and the Culture of Violence (Was the Italian soldier-poet a liberator? Or a warning of the dark times to come?)<\/a><\/p>\n","protected":false},"excerpt":{"rendered":"<p>Goran Morav\u010dek:Svjedo\u010danstvo ing. Maksa Pe\u010da o nekim zbivanjima u Rijeci za vrijemeD\u2019Annunzijeve vladavine (O progonu Hrvata Rijeke i Su\u0161aka za D\u2019Annunzijeve okupacije) Anton Mrakov\u010di\u0107:Moji susreti s Talijanima u Puntu poslije Prvog svjetskog rata Mladen Urem:Svjedo\u010danstvo sve\u0107enika dr. Antona Mrakov\u010di\u0107a o teroru ardita nad hrvatskim pu\u010danstvom u Puntu na otoku Krku Slavko Suzi\u0107:D\u2019Annunzio i njegova zlo\u010dina\u010dka &hellip; <a href=\"https:\/\/vjesnik.riarhiv.hr\/wordpress\/?page_id=38\" class=\"more-link\">Continue reading <span class=\"screen-reader-text\">Dokumenti i svjedo\u010danstva<\/span><\/a><\/p>\n","protected":false},"author":1,"featured_media":0,"parent":0,"menu_order":0,"comment_status":"closed","ping_status":"closed","template":"","meta":{"pgc_sgb_lightbox_settings":"","footnotes":""},"class_list":["post-38","page","type-page","status-publish","hentry"],"_links":{"self":[{"href":"https:\/\/vjesnik.riarhiv.hr\/wordpress\/index.php?rest_route=\/wp\/v2\/pages\/38","targetHints":{"allow":["GET"]}}],"collection":[{"href":"https:\/\/vjesnik.riarhiv.hr\/wordpress\/index.php?rest_route=\/wp\/v2\/pages"}],"about":[{"href":"https:\/\/vjesnik.riarhiv.hr\/wordpress\/index.php?rest_route=\/wp\/v2\/types\/page"}],"author":[{"embeddable":true,"href":"https:\/\/vjesnik.riarhiv.hr\/wordpress\/index.php?rest_route=\/wp\/v2\/users\/1"}],"replies":[{"embeddable":true,"href":"https:\/\/vjesnik.riarhiv.hr\/wordpress\/index.php?rest_route=%2Fwp%2Fv2%2Fcomments&post=38"}],"version-history":[{"count":2,"href":"https:\/\/vjesnik.riarhiv.hr\/wordpress\/index.php?rest_route=\/wp\/v2\/pages\/38\/revisions"}],"predecessor-version":[{"id":246,"href":"https:\/\/vjesnik.riarhiv.hr\/wordpress\/index.php?rest_route=\/wp\/v2\/pages\/38\/revisions\/246"}],"wp:attachment":[{"href":"https:\/\/vjesnik.riarhiv.hr\/wordpress\/index.php?rest_route=%2Fwp%2Fv2%2Fmedia&parent=38"}],"curies":[{"name":"wp","href":"https:\/\/api.w.org\/{rel}","templated":true}]}}