{"id":36,"date":"2020-05-28T08:12:21","date_gmt":"2020-05-28T08:12:21","guid":{"rendered":"http:\/\/vjesnik.riarhiv.hr\/wordpress\/?page_id=36"},"modified":"2020-06-05T11:23:30","modified_gmt":"2020-06-05T11:23:30","slug":"velid-dekic-sest-priloga-o-dannunziju-i-danuncijadi","status":"publish","type":"page","link":"https:\/\/vjesnik.riarhiv.hr\/wordpress\/?page_id=36","title":{"rendered":"Velid \u0110eki\u0107: \u0160est priloga o D\u2019Annunziju i danuncijadi"},"content":{"rendered":"\n<p>Ne volim izraz etni\u010dko \u010di\u0161\u0107enje. Rije\u010d je o ljudima, a kolektivno istjerivati ljude s nekog podru\u010dja i nazvati to \u010di\u0161\u0107enjem, kako se uobi\u010dajilo, zna\u010dilo bi da su ljudi ne\u010dist koju se rje\u0161ava valjda ekolo\u0161kim \u010dinom, \u0161to mi zvu\u010di degutantno.<br>Premda sam milijardu milja udaljen od takve \u010distila\u010dke logike, samim tim i od njezina nazivlja, ne vidim kako bih druk\u010dije nazvao ono \u0161to se doga\u0111alo u Rijeci u doba kada je njome vladao Gabriele D\u2019Annunzio. Znam, pedantni analiti\u010dari nazivlja mogli bi me upozoriti na razlike izme\u0111u pojmova etni\u010dko \u010di\u0161\u0107enje i zlo\u010din protiv \u010dovje\u010dnosti, koji je etni\u010dkom \u010di\u0161\u0107enju blizak, ali to prepu\u0161tam njima i njihovom sitnozoru. Mene zanima ne\u0161to drugo: danas, u vrijeme ovda\u0161njega sve intenzivnijeg zanimanja za spomenutoga talijanskog politi\u010dara, propagandista, vojnika i umjetnika, upravo se ta dimenzija njegova lika &amp; djela na ovda\u0161njim koordinatama vidno ostavlja po strani, kao da je rije\u010d o manje bitnoj sastavnici pri\u010de.<br>Kako pogre\u0161no, pogotovo iz rije\u010dke perspektive. O D\u2019Annunziju treba govoriti sa svih aspekata, a kada ka\u017eem svih, mislim i na onaj koji je otvorio vrata pakla netalijanskim stanovnicima grada na Rje\u010dini. Protofa\u0161izam je, gledalo ga se iz ovog ili onog ugla, uvijek to \u2013 fa\u0161izam, makar u inicijalnom stadiju.<\/p>\n\n\n\n<div class=\"wp-block-file\"><a href=\"http:\/\/vjesnik.riarhiv.hr\/wordpress\/wp-content\/uploads\/2020\/05\/VjesnikDARI-61-62-257-Djekic-hr-en-it.pdf\" target=\"_blank\" rel=\"noreferrer noopener\">VjesnikDARI-61-62-257-Djekic-hr-en-it<\/a><a href=\"http:\/\/vjesnik.riarhiv.hr\/wordpress\/wp-content\/uploads\/2020\/05\/VjesnikDARI-61-62-257-Djekic-hr-en-it.pdf\" class=\"wp-block-file__button\" download>Download<\/a><\/div>\n\n\n\n<div class=\"wp-block-columns is-layout-flex wp-container-core-columns-is-layout-9d6595d7 wp-block-columns-is-layout-flex\">\n<div class=\"wp-block-column is-layout-flow wp-block-column-is-layout-flow\">\n<p><a href=\"http:\/\/vjesnik.riarhiv.hr\/wordpress\/?page_id=34\">Prethodni \u010dlanak<\/a><\/p>\n<\/div>\n\n\n\n<div class=\"wp-block-column is-layout-flow wp-block-column-is-layout-flow\">\n<p><a href=\"http:\/\/vjesnik.riarhiv.hr\/wordpress\/?page_id=40\">Sljede\u0107i \u010dlanak<\/a><\/p>\n<\/div>\n<\/div>\n","protected":false},"excerpt":{"rendered":"<p>Ne volim izraz etni\u010dko \u010di\u0161\u0107enje. Rije\u010d je o ljudima, a kolektivno istjerivati ljude s nekog podru\u010dja i nazvati to \u010di\u0161\u0107enjem, kako se uobi\u010dajilo, zna\u010dilo bi da su ljudi ne\u010dist koju se rje\u0161ava valjda ekolo\u0161kim \u010dinom, \u0161to mi zvu\u010di degutantno.Premda sam milijardu milja udaljen od takve \u010distila\u010dke logike, samim tim i od njezina nazivlja, ne vidim &hellip; <a href=\"https:\/\/vjesnik.riarhiv.hr\/wordpress\/?page_id=36\" class=\"more-link\">Continue reading <span class=\"screen-reader-text\">Velid \u0110eki\u0107: \u0160est priloga o D\u2019Annunziju i danuncijadi<\/span><\/a><\/p>\n","protected":false},"author":1,"featured_media":0,"parent":0,"menu_order":0,"comment_status":"closed","ping_status":"closed","template":"","meta":{"pgc_sgb_lightbox_settings":"","footnotes":""},"class_list":["post-36","page","type-page","status-publish","hentry"],"_links":{"self":[{"href":"https:\/\/vjesnik.riarhiv.hr\/wordpress\/index.php?rest_route=\/wp\/v2\/pages\/36","targetHints":{"allow":["GET"]}}],"collection":[{"href":"https:\/\/vjesnik.riarhiv.hr\/wordpress\/index.php?rest_route=\/wp\/v2\/pages"}],"about":[{"href":"https:\/\/vjesnik.riarhiv.hr\/wordpress\/index.php?rest_route=\/wp\/v2\/types\/page"}],"author":[{"embeddable":true,"href":"https:\/\/vjesnik.riarhiv.hr\/wordpress\/index.php?rest_route=\/wp\/v2\/users\/1"}],"replies":[{"embeddable":true,"href":"https:\/\/vjesnik.riarhiv.hr\/wordpress\/index.php?rest_route=%2Fwp%2Fv2%2Fcomments&post=36"}],"version-history":[{"count":5,"href":"https:\/\/vjesnik.riarhiv.hr\/wordpress\/index.php?rest_route=\/wp\/v2\/pages\/36\/revisions"}],"predecessor-version":[{"id":281,"href":"https:\/\/vjesnik.riarhiv.hr\/wordpress\/index.php?rest_route=\/wp\/v2\/pages\/36\/revisions\/281"}],"wp:attachment":[{"href":"https:\/\/vjesnik.riarhiv.hr\/wordpress\/index.php?rest_route=%2Fwp%2Fv2%2Fmedia&parent=36"}],"curies":[{"name":"wp","href":"https:\/\/api.w.org\/{rel}","templated":true}]}}