{"id":34,"date":"2020-05-28T08:11:46","date_gmt":"2020-05-28T08:11:46","guid":{"rendered":"http:\/\/vjesnik.riarhiv.hr\/wordpress\/?page_id=34"},"modified":"2020-06-05T11:20:45","modified_gmt":"2020-06-05T11:20:45","slug":"ljubinka-toseva-karpowicz-rijecki-masoni-i-dannunzijeva-okupacija-rijeke","status":"publish","type":"page","link":"https:\/\/vjesnik.riarhiv.hr\/wordpress\/?page_id=34","title":{"rendered":"Ljubinka To\u0161eva Karpowicz: Rije\u010dki masoni i D\u2019Annunzijeva okupacija Rijeke"},"content":{"rendered":"\n<p>Okupacija Rijeke od Gabrielea D\u2019Annunzija bila je dugo planirana akcija u kojoj su sudjelovali razli\u010diti subjekti ujedinjeni s jednim ciljem &#8211; aneksije Rijeke Italiji usprkos odredbama Londonskog ugovora. Obzirom na cilj, akcija koju su interesenti poduzimali, bila je naj\u010de\u0161\u0107e tajna.<br>U ovom \u010dlanku zadr\u017eati \u0107emo se samo na aktivnosti rije\u010dkih masona. Njihova je uloga u tom pothvatu bila va\u017ena, ako ne i odlu\u010duju\u0107a.<br>O tome da je Mar\u0161 na Rijeku bio \u201crevolucionarni \u010din\u201d koji je zapo\u010deo 29. listopada 1918., kada je Talijansko nacionalno vije\u0107e proglasilo aneksiju Rijeke Italiji, pi\u0161e jedan od najaktivnijih u\u010desnika Edoardo Susmel, dok suvremeni talijanski autori pi\u0161u o ulozi masonerije u nastanku fa\u0161izma.<br>Ovaj \u010dlanak bavi se samo ulogom rije\u010dkih iredentista-masona u organiziranju D\u2019Annunzijevog ulaska u Rijeku.<\/p>\n\n\n\n<div class=\"wp-block-file\"><a href=\"http:\/\/vjesnik.riarhiv.hr\/wordpress\/wp-content\/uploads\/2020\/05\/VjesnikDARI-61-62-231-Toseva-Karpovicz-hr-en-it.pdf\" target=\"_blank\" rel=\"noreferrer noopener\">VjesnikDARI-61-62-231-Toseva-Karpovicz-hr-en-it<\/a><a href=\"http:\/\/vjesnik.riarhiv.hr\/wordpress\/wp-content\/uploads\/2020\/05\/VjesnikDARI-61-62-231-Toseva-Karpovicz-hr-en-it.pdf\" class=\"wp-block-file__button\" download>Download<\/a><\/div>\n\n\n\n<div class=\"wp-block-columns is-layout-flex wp-container-core-columns-is-layout-9d6595d7 wp-block-columns-is-layout-flex\">\n<div class=\"wp-block-column is-layout-flow wp-block-column-is-layout-flow\">\n<p><a href=\"http:\/\/vjesnik.riarhiv.hr\/wordpress\/?page_id=29\">Prethodni \u010dlanak<\/a><\/p>\n<\/div>\n\n\n\n<div class=\"wp-block-column is-layout-flow wp-block-column-is-layout-flow\">\n<p><a href=\"http:\/\/vjesnik.riarhiv.hr\/wordpress\/?page_id=36\">Sljede\u0107i \u010dlanak<\/a><\/p>\n<\/div>\n<\/div>\n","protected":false},"excerpt":{"rendered":"<p>Okupacija Rijeke od Gabrielea D\u2019Annunzija bila je dugo planirana akcija u kojoj su sudjelovali razli\u010diti subjekti ujedinjeni s jednim ciljem &#8211; aneksije Rijeke Italiji usprkos odredbama Londonskog ugovora. Obzirom na cilj, akcija koju su interesenti poduzimali, bila je naj\u010de\u0161\u0107e tajna.U ovom \u010dlanku zadr\u017eati \u0107emo se samo na aktivnosti rije\u010dkih masona. Njihova je uloga u tom &hellip; <a href=\"https:\/\/vjesnik.riarhiv.hr\/wordpress\/?page_id=34\" class=\"more-link\">Continue reading <span class=\"screen-reader-text\">Ljubinka To\u0161eva Karpowicz: Rije\u010dki masoni i D\u2019Annunzijeva okupacija Rijeke<\/span><\/a><\/p>\n","protected":false},"author":1,"featured_media":0,"parent":0,"menu_order":0,"comment_status":"closed","ping_status":"closed","template":"","meta":{"pgc_sgb_lightbox_settings":"","footnotes":""},"class_list":["post-34","page","type-page","status-publish","hentry"],"_links":{"self":[{"href":"https:\/\/vjesnik.riarhiv.hr\/wordpress\/index.php?rest_route=\/wp\/v2\/pages\/34","targetHints":{"allow":["GET"]}}],"collection":[{"href":"https:\/\/vjesnik.riarhiv.hr\/wordpress\/index.php?rest_route=\/wp\/v2\/pages"}],"about":[{"href":"https:\/\/vjesnik.riarhiv.hr\/wordpress\/index.php?rest_route=\/wp\/v2\/types\/page"}],"author":[{"embeddable":true,"href":"https:\/\/vjesnik.riarhiv.hr\/wordpress\/index.php?rest_route=\/wp\/v2\/users\/1"}],"replies":[{"embeddable":true,"href":"https:\/\/vjesnik.riarhiv.hr\/wordpress\/index.php?rest_route=%2Fwp%2Fv2%2Fcomments&post=34"}],"version-history":[{"count":6,"href":"https:\/\/vjesnik.riarhiv.hr\/wordpress\/index.php?rest_route=\/wp\/v2\/pages\/34\/revisions"}],"predecessor-version":[{"id":280,"href":"https:\/\/vjesnik.riarhiv.hr\/wordpress\/index.php?rest_route=\/wp\/v2\/pages\/34\/revisions\/280"}],"wp:attachment":[{"href":"https:\/\/vjesnik.riarhiv.hr\/wordpress\/index.php?rest_route=%2Fwp%2Fv2%2Fmedia&parent=34"}],"curies":[{"name":"wp","href":"https:\/\/api.w.org\/{rel}","templated":true}]}}