{"id":27,"date":"2020-05-28T07:58:37","date_gmt":"2020-05-28T07:58:37","guid":{"rendered":"http:\/\/vjesnik.riarhiv.hr\/wordpress\/?page_id=27"},"modified":"2020-06-05T11:17:12","modified_gmt":"2020-06-05T11:17:12","slug":"maja-polic-prilog-poznavanju-zivota-i-djelovanja-benjamina-grohovca","status":"publish","type":"page","link":"https:\/\/vjesnik.riarhiv.hr\/wordpress\/?page_id=27","title":{"rendered":"Maja Poli\u0107: Prilog poznavanju \u017eivota i djelovanja Benjamina Grohovca"},"content":{"rendered":"\n<p>U tekstu je rije\u010d o Benjaminu Grohovcu (Grohovo kraj Rijeke 1880. &#8211; Zagreb, 1957.), profesoru povijesti i zemljopisa. Bio je namjesni u\u010ditelj pri Nauti\u010dkoj \u0161koli u Bakru (1907.-1918.), pa profesor Kraljevske realne gimnazije u Su\u0161aku (1918.-1931.), odakle je premje\u0161ten na III. Dr\u017eavnu realnu gimnaziju u Zagrebu (1931.-1942.), te umirovljen. U politi\u010dkome smislu, zanimljiv je kao \u010dlan Savjetuju\u0107ega odbora za Rijeku i kotar Rije\u010dki i \u010delnik Odbora bjegunaca iz Rijeke i okolice. Brat je pjesnika Ive Grohovca Rije\u010danina (1875.-1914.) koji je na njega izvr\u0161io veliki utjecaj.<\/p>\n\n\n\n<div class=\"wp-block-file\"><a href=\"http:\/\/vjesnik.riarhiv.hr\/wordpress\/wp-content\/uploads\/2020\/05\/VjesnikDARI-61-62-209-Polic-hr-en-it.pdf\" target=\"_blank\" rel=\"noreferrer noopener\">VjesnikDARI-61-62-209-Polic-hr-en-it<\/a><a href=\"http:\/\/vjesnik.riarhiv.hr\/wordpress\/wp-content\/uploads\/2020\/05\/VjesnikDARI-61-62-209-Polic-hr-en-it.pdf\" class=\"wp-block-file__button\" download>Download<\/a><\/div>\n\n\n\n<div class=\"wp-block-columns is-layout-flex wp-container-core-columns-is-layout-9d6595d7 wp-block-columns-is-layout-flex\">\n<div class=\"wp-block-column is-layout-flow wp-block-column-is-layout-flow\">\n<p><a href=\"http:\/\/vjesnik.riarhiv.hr\/wordpress\/?page_id=25\">Prethodni \u010dlanak<\/a><\/p>\n<\/div>\n\n\n\n<div class=\"wp-block-column is-layout-flow wp-block-column-is-layout-flow\">\n<p><a href=\"http:\/\/vjesnik.riarhiv.hr\/wordpress\/?page_id=29\">Sljede\u0107i \u010dlanak<\/a><\/p>\n<\/div>\n<\/div>\n","protected":false},"excerpt":{"rendered":"<p>U tekstu je rije\u010d o Benjaminu Grohovcu (Grohovo kraj Rijeke 1880. &#8211; Zagreb, 1957.), profesoru povijesti i zemljopisa. Bio je namjesni u\u010ditelj pri Nauti\u010dkoj \u0161koli u Bakru (1907.-1918.), pa profesor Kraljevske realne gimnazije u Su\u0161aku (1918.-1931.), odakle je premje\u0161ten na III. Dr\u017eavnu realnu gimnaziju u Zagrebu (1931.-1942.), te umirovljen. U politi\u010dkome smislu, zanimljiv je kao &hellip; <a href=\"https:\/\/vjesnik.riarhiv.hr\/wordpress\/?page_id=27\" class=\"more-link\">Continue reading <span class=\"screen-reader-text\">Maja Poli\u0107: Prilog poznavanju \u017eivota i djelovanja Benjamina Grohovca<\/span><\/a><\/p>\n","protected":false},"author":1,"featured_media":0,"parent":0,"menu_order":0,"comment_status":"closed","ping_status":"closed","template":"","meta":{"pgc_sgb_lightbox_settings":"","footnotes":""},"class_list":["post-27","page","type-page","status-publish","hentry"],"_links":{"self":[{"href":"https:\/\/vjesnik.riarhiv.hr\/wordpress\/index.php?rest_route=\/wp\/v2\/pages\/27","targetHints":{"allow":["GET"]}}],"collection":[{"href":"https:\/\/vjesnik.riarhiv.hr\/wordpress\/index.php?rest_route=\/wp\/v2\/pages"}],"about":[{"href":"https:\/\/vjesnik.riarhiv.hr\/wordpress\/index.php?rest_route=\/wp\/v2\/types\/page"}],"author":[{"embeddable":true,"href":"https:\/\/vjesnik.riarhiv.hr\/wordpress\/index.php?rest_route=\/wp\/v2\/users\/1"}],"replies":[{"embeddable":true,"href":"https:\/\/vjesnik.riarhiv.hr\/wordpress\/index.php?rest_route=%2Fwp%2Fv2%2Fcomments&post=27"}],"version-history":[{"count":5,"href":"https:\/\/vjesnik.riarhiv.hr\/wordpress\/index.php?rest_route=\/wp\/v2\/pages\/27\/revisions"}],"predecessor-version":[{"id":278,"href":"https:\/\/vjesnik.riarhiv.hr\/wordpress\/index.php?rest_route=\/wp\/v2\/pages\/27\/revisions\/278"}],"wp:attachment":[{"href":"https:\/\/vjesnik.riarhiv.hr\/wordpress\/index.php?rest_route=%2Fwp%2Fv2%2Fmedia&parent=27"}],"curies":[{"name":"wp","href":"https:\/\/api.w.org\/{rel}","templated":true}]}}