{"id":25,"date":"2020-05-28T07:53:31","date_gmt":"2020-05-28T07:53:31","guid":{"rendered":"http:\/\/vjesnik.riarhiv.hr\/wordpress\/?page_id=25"},"modified":"2020-06-05T11:15:31","modified_gmt":"2020-06-05T11:15:31","slug":"igor-zic-nekoliko-knjiga-autora-i-opazaja-o-problemu-gabrielea-dannunzija-u-rijeci","status":"publish","type":"page","link":"https:\/\/vjesnik.riarhiv.hr\/wordpress\/?page_id=25","title":{"rendered":"Igor \u017dic: Nekoliko knjiga, autora i opa\u017eaja o problemu Gabrielea D\u2019Annunzija u Rijeci"},"content":{"rendered":"\n<p>Koliko je povijest Rijeke zamr\u0161ena, govori nam i podatak da je Rijeka jedini grad u Hrvatskoj koji ima tri muzeja u Italiji: Arhiv i povijesni muzej Rijeke u Rimu, D\u2019Annunzijev muzej Vittoriale u mjestu Gardone Riviera na Lago di Garda, te Muzej dalmatinske, rije\u010dke i istarske kulture u Trstu.<br>Jedan od najve\u0107ih problema rije\u010dke povijesti nesumnjivo je Gabriele D\u2019Annunzio, koji je iz Guvernerove pala\u010de 16 mjeseci upravljao europskom povije\u0161\u0107u. \u0160ve\u0111ani Magnus B\u00e4rt\u00e5s i Fredrik Ekman, poslije 7-8 godina rada, objavili su knjigu na \u0161vedskom (!) Navjestitelj &#8211; Gabriele D\u2019Annunzio i po\u010deci fa\u0161izma (Beb\u00e5daren. Gabriele D\u2019Annunzio och fascismens f\u00f6delse, 2017.). Knjigu sam (vrlo uvjetno!) pro\u010ditao i znam prili\u010dno to\u010dno o \u010demu je rije\u010d. Ta dva autora vrlo su zanimljivi &#8211; profesori su na Likovnoj akademiji, umjetnici, filmski redatelji (film o Sjevernoj Koreji, film o \u017didovu u Tokiju), operetni redatelji itd. U vi\u0161e navrata, razgovarao sam s njima dugo i vrlo otvoreno. Oni su, pak, bili u vi\u0161e navrata i u Rijeci, i u Italiji.<\/p>\n\n\n\n<div class=\"wp-block-file\"><a href=\"http:\/\/vjesnik.riarhiv.hr\/wordpress\/wp-content\/uploads\/2020\/05\/VjesnikDARI-61-62-197-Zic-hr-en-it.pdf\" target=\"_blank\" rel=\"noreferrer noopener\">VjesnikDARI-61-62-197-Zic-hr-en-it<\/a><a href=\"http:\/\/vjesnik.riarhiv.hr\/wordpress\/wp-content\/uploads\/2020\/05\/VjesnikDARI-61-62-197-Zic-hr-en-it.pdf\" class=\"wp-block-file__button\" download>Download<\/a><\/div>\n\n\n\n<div class=\"wp-block-columns is-layout-flex wp-container-core-columns-is-layout-9d6595d7 wp-block-columns-is-layout-flex\">\n<div class=\"wp-block-column is-layout-flow wp-block-column-is-layout-flow\">\n<p><a href=\"http:\/\/vjesnik.riarhiv.hr\/wordpress\/?page_id=23\">Prethodni \u010dlanak<\/a><\/p>\n<\/div>\n\n\n\n<div class=\"wp-block-column is-layout-flow wp-block-column-is-layout-flow\">\n<p><a href=\"http:\/\/vjesnik.riarhiv.hr\/wordpress\/?page_id=27\">Sljede\u0107i \u010dlanak<\/a><\/p>\n<\/div>\n<\/div>\n","protected":false},"excerpt":{"rendered":"<p>Koliko je povijest Rijeke zamr\u0161ena, govori nam i podatak da je Rijeka jedini grad u Hrvatskoj koji ima tri muzeja u Italiji: Arhiv i povijesni muzej Rijeke u Rimu, D\u2019Annunzijev muzej Vittoriale u mjestu Gardone Riviera na Lago di Garda, te Muzej dalmatinske, rije\u010dke i istarske kulture u Trstu.Jedan od najve\u0107ih problema rije\u010dke povijesti nesumnjivo &hellip; <a href=\"https:\/\/vjesnik.riarhiv.hr\/wordpress\/?page_id=25\" class=\"more-link\">Continue reading <span class=\"screen-reader-text\">Igor \u017dic: Nekoliko knjiga, autora i opa\u017eaja o problemu Gabrielea D\u2019Annunzija u Rijeci<\/span><\/a><\/p>\n","protected":false},"author":1,"featured_media":0,"parent":0,"menu_order":0,"comment_status":"closed","ping_status":"closed","template":"","meta":{"pgc_sgb_lightbox_settings":"","footnotes":""},"class_list":["post-25","page","type-page","status-publish","hentry"],"_links":{"self":[{"href":"https:\/\/vjesnik.riarhiv.hr\/wordpress\/index.php?rest_route=\/wp\/v2\/pages\/25","targetHints":{"allow":["GET"]}}],"collection":[{"href":"https:\/\/vjesnik.riarhiv.hr\/wordpress\/index.php?rest_route=\/wp\/v2\/pages"}],"about":[{"href":"https:\/\/vjesnik.riarhiv.hr\/wordpress\/index.php?rest_route=\/wp\/v2\/types\/page"}],"author":[{"embeddable":true,"href":"https:\/\/vjesnik.riarhiv.hr\/wordpress\/index.php?rest_route=\/wp\/v2\/users\/1"}],"replies":[{"embeddable":true,"href":"https:\/\/vjesnik.riarhiv.hr\/wordpress\/index.php?rest_route=%2Fwp%2Fv2%2Fcomments&post=25"}],"version-history":[{"count":7,"href":"https:\/\/vjesnik.riarhiv.hr\/wordpress\/index.php?rest_route=\/wp\/v2\/pages\/25\/revisions"}],"predecessor-version":[{"id":277,"href":"https:\/\/vjesnik.riarhiv.hr\/wordpress\/index.php?rest_route=\/wp\/v2\/pages\/25\/revisions\/277"}],"wp:attachment":[{"href":"https:\/\/vjesnik.riarhiv.hr\/wordpress\/index.php?rest_route=%2Fwp%2Fv2%2Fmedia&parent=25"}],"curies":[{"name":"wp","href":"https:\/\/api.w.org\/{rel}","templated":true}]}}