{"id":23,"date":"2020-05-28T07:49:20","date_gmt":"2020-05-28T07:49:20","guid":{"rendered":"http:\/\/vjesnik.riarhiv.hr\/wordpress\/?page_id=23"},"modified":"2020-06-05T11:12:18","modified_gmt":"2020-06-05T11:12:18","slug":"marko-medved-skandal-blagoslova-bodeza-kao-primjer-zloporabe-vjere-gabriele-dannunzio-i-crkveni-zivot-u-rijeci","status":"publish","type":"page","link":"https:\/\/vjesnik.riarhiv.hr\/wordpress\/?page_id=23","title":{"rendered":"Marko Medved: Skandal blagoslova bode\u017ea kao primjer zloporabe vjere. Gabriele D\u2019Annunzio i crkveni \u017eivot u Rijeci"},"content":{"rendered":"\n<p>Gabriele D\u2019Annunzio tijekom okupacije Rijeke uznastojao je u ostvarenju nove civilne liturgije koja bi se temeljila na va\u017enosti javnih proslava. On je u Rijeci stvorio svojevrsnu svjetovnu religiju u kojoj je politika sakralizirana putem civilnih manifestacija s vlastitim obredima, obilje\u017eavanjem raznih godi\u0161njica, okupljanjima masa i vojnom koreografijom. Bile su to politi\u010dke liturgije s D\u2019Annunzijem u svojstvu sve\u0107enika i s nacionalizmom kojem se valja klanjati namjesto Bogu. Jedan takav obred organiziran je u crkvi sv. Vida 20. sije\u010dnja 1920., kada je vojni kapelan Reginaldo Giuliani blagoslovio bode\u017e koji je predan D\u2019Annunziju. \u010clanak opisuje crkvenu situaciju u Rijeci poreme\u0107enu po\u010detkom okupacije u rujnu 1919. i posljedice spomenutoga doga\u0111aja blagoslova bode\u017ea na vjerski \u017eivot. Predstavnik Svete Stolice tijekom turbolentnih doga\u0111aja u Rijeci 1919. i po\u010detkom 1920. \u010dedadski je kanonik Valentino Liva. U crkvenome pogledu grad pripada senjsko-modru\u0161kome biskupu, a njegova politi\u010dka vlast nastoji ga priklju\u010diti Italiji nailaze\u0107i na suprotstavljanje hrvatskoga sve\u0107enstva. Epizoda blagoslova bode\u017ea za Gabriela D\u2019Annunzija o\u010dituje ne samo zloporabu liturgije i kr\u0161\u0107anskih pojmova u politi\u010dke svrhe, nego i razli\u010ditost stavova koje zauzimaju s jedne strane talijanski sve\u0107enici u Rijeci, a s druge apostolski vizitator Liva. Sveta Stolica povla\u010di kapelana iz Rijeke, \u0161to \u0107e uzrokovati velike pote\u0161ko\u0107e dotada\u0161njem kako predstavniku Vatikana tako i \u017eupniku Ivanu Kukani\u0107u.<\/p>\n\n\n\n<div class=\"wp-block-file\"><a href=\"http:\/\/vjesnik.riarhiv.hr\/wordpress\/wp-content\/uploads\/2020\/05\/VjesnikDARI-61-62-173-Medved-hr-en-it.pdf\" target=\"_blank\" rel=\"noreferrer noopener\">VjesnikDARI-61-62-173-Medved-hr-en-it<\/a><a href=\"http:\/\/vjesnik.riarhiv.hr\/wordpress\/wp-content\/uploads\/2020\/05\/VjesnikDARI-61-62-173-Medved-hr-en-it.pdf\" class=\"wp-block-file__button\" download>Download<\/a><\/div>\n\n\n\n<div class=\"wp-block-columns is-layout-flex wp-container-core-columns-is-layout-9d6595d7 wp-block-columns-is-layout-flex\">\n<div class=\"wp-block-column is-layout-flow wp-block-column-is-layout-flow\">\n<p><a href=\"http:\/\/vjesnik.riarhiv.hr\/wordpress\/?page_id=21\">Prethodni \u010dlanak<\/a><\/p>\n<\/div>\n\n\n\n<div class=\"wp-block-column is-layout-flow wp-block-column-is-layout-flow\">\n<p><a href=\"http:\/\/vjesnik.riarhiv.hr\/wordpress\/?page_id=25\">Sljede\u0107i \u010dlanak<\/a><\/p>\n<\/div>\n<\/div>\n","protected":false},"excerpt":{"rendered":"<p>Gabriele D\u2019Annunzio tijekom okupacije Rijeke uznastojao je u ostvarenju nove civilne liturgije koja bi se temeljila na va\u017enosti javnih proslava. On je u Rijeci stvorio svojevrsnu svjetovnu religiju u kojoj je politika sakralizirana putem civilnih manifestacija s vlastitim obredima, obilje\u017eavanjem raznih godi\u0161njica, okupljanjima masa i vojnom koreografijom. Bile su to politi\u010dke liturgije s D\u2019Annunzijem u &hellip; <a href=\"https:\/\/vjesnik.riarhiv.hr\/wordpress\/?page_id=23\" class=\"more-link\">Continue reading <span class=\"screen-reader-text\">Marko Medved: Skandal blagoslova bode\u017ea kao primjer zloporabe vjere. Gabriele D\u2019Annunzio i crkveni \u017eivot u Rijeci<\/span><\/a><\/p>\n","protected":false},"author":1,"featured_media":0,"parent":0,"menu_order":0,"comment_status":"closed","ping_status":"closed","template":"","meta":{"pgc_sgb_lightbox_settings":"","footnotes":""},"class_list":["post-23","page","type-page","status-publish","hentry"],"_links":{"self":[{"href":"https:\/\/vjesnik.riarhiv.hr\/wordpress\/index.php?rest_route=\/wp\/v2\/pages\/23","targetHints":{"allow":["GET"]}}],"collection":[{"href":"https:\/\/vjesnik.riarhiv.hr\/wordpress\/index.php?rest_route=\/wp\/v2\/pages"}],"about":[{"href":"https:\/\/vjesnik.riarhiv.hr\/wordpress\/index.php?rest_route=\/wp\/v2\/types\/page"}],"author":[{"embeddable":true,"href":"https:\/\/vjesnik.riarhiv.hr\/wordpress\/index.php?rest_route=\/wp\/v2\/users\/1"}],"replies":[{"embeddable":true,"href":"https:\/\/vjesnik.riarhiv.hr\/wordpress\/index.php?rest_route=%2Fwp%2Fv2%2Fcomments&post=23"}],"version-history":[{"count":5,"href":"https:\/\/vjesnik.riarhiv.hr\/wordpress\/index.php?rest_route=\/wp\/v2\/pages\/23\/revisions"}],"predecessor-version":[{"id":275,"href":"https:\/\/vjesnik.riarhiv.hr\/wordpress\/index.php?rest_route=\/wp\/v2\/pages\/23\/revisions\/275"}],"wp:attachment":[{"href":"https:\/\/vjesnik.riarhiv.hr\/wordpress\/index.php?rest_route=%2Fwp%2Fv2%2Fmedia&parent=23"}],"curies":[{"name":"wp","href":"https:\/\/api.w.org\/{rel}","templated":true}]}}