{"id":21,"date":"2020-05-28T07:47:55","date_gmt":"2020-05-28T07:47:55","guid":{"rendered":"http:\/\/vjesnik.riarhiv.hr\/wordpress\/?page_id=21"},"modified":"2020-06-05T11:10:20","modified_gmt":"2020-06-05T11:10:20","slug":"irvin-lukezic-iz-povijesti-jedne-rijecke-kavane-unistene-za-dannunzijeve-okupacije","status":"publish","type":"page","link":"https:\/\/vjesnik.riarhiv.hr\/wordpress\/?page_id=21","title":{"rendered":"Irvin Luke\u017ei\u0107: Iz povijesti jedne rije\u010dke kavane uni\u0161tene za D\u2019Annunzijeve okupacije"},"content":{"rendered":"\n<p>Nekada je u Rijeci postojala poznata Deli\u0107eva kavana, prije toga Caff\u00e9 Panachoff, koja se nalazila na Fiumari, nedaleko nekada\u0161nje dr\u017eavne granice na Rje\u010dini, koja je dijelila takozvani corpus separatum od hrvatskoga Su\u0161aka, na susjednoj obali. O toj legendarnoj kavani dalo bi se napisati \u010ditavu jednu knjigu. Na\u017ealost, toga se lokala danas vi\u0161e nesje\u0107aju ni oni najstariji Rije\u010dani. Bila je ona uo\u010di Prvog svjetskog rata jedno do najpopularnijih gradskih okupljali\u0161ta, gdje su se mogli susresti ljudi svih mogu\u0107ih stale\u017ea, podrijetla i jezika. Posebno je bila poznata kao mjesto gdje su se sastajali rije\u010dki Hrvati, zajedno sa pripadnicima drugih slavenskih naroda. Razlog za to bila je \u010dinjenica da se kavana nalazila na samoj dr\u017eavnoj granici, tako da je to mjesto bilo vrlo prikladno za sastajanje onih koji su bili na proputovanju ili na kra\u0107em boravku u gradu. Me\u0111u njenim brojnim posjetiteljima izdvaja se osebujna figura jednoga Dubrov\u010danina, Frana Vuksana, poznatog po nadimku Lup od mora, koji je ovdje \u010desto znao navra\u0107ati uo\u010di Prvog svjetskog rata i o kojem \u0107e kasnije biti vi\u0161e rije\u010di. Prije toga predstavit \u0107emo dvojicu vlasnika ove kavane, Ivana Panahova<br>i Josipa Deli\u0107a.<\/p>\n\n\n\n<div class=\"wp-block-file\"><a href=\"http:\/\/vjesnik.riarhiv.hr\/wordpress\/wp-content\/uploads\/2020\/05\/VjesnikDARI-61-62-165-Lukezic-hr-en-it.pdf\" target=\"_blank\" rel=\"noreferrer noopener\">VjesnikDARI-61-62-165-Lukezic-hr-en-it<\/a><a href=\"http:\/\/vjesnik.riarhiv.hr\/wordpress\/wp-content\/uploads\/2020\/05\/VjesnikDARI-61-62-165-Lukezic-hr-en-it.pdf\" class=\"wp-block-file__button\" download>Download<\/a><\/div>\n\n\n\n<div class=\"wp-block-columns is-layout-flex wp-container-core-columns-is-layout-9d6595d7 wp-block-columns-is-layout-flex\">\n<div class=\"wp-block-column is-layout-flow wp-block-column-is-layout-flow\">\n<p><a href=\"http:\/\/vjesnik.riarhiv.hr\/wordpress\/?page_id=19\">Prethodni \u010dlanak<\/a><\/p>\n<\/div>\n\n\n\n<div class=\"wp-block-column is-layout-flow wp-block-column-is-layout-flow\">\n<p><a href=\"http:\/\/vjesnik.riarhiv.hr\/wordpress\/?page_id=23\">Sljede\u0107i \u010dlanak<\/a><\/p>\n<\/div>\n<\/div>\n","protected":false},"excerpt":{"rendered":"<p>Nekada je u Rijeci postojala poznata Deli\u0107eva kavana, prije toga Caff\u00e9 Panachoff, koja se nalazila na Fiumari, nedaleko nekada\u0161nje dr\u017eavne granice na Rje\u010dini, koja je dijelila takozvani corpus separatum od hrvatskoga Su\u0161aka, na susjednoj obali. O toj legendarnoj kavani dalo bi se napisati \u010ditavu jednu knjigu. Na\u017ealost, toga se lokala danas vi\u0161e nesje\u0107aju ni oni &hellip; <a href=\"https:\/\/vjesnik.riarhiv.hr\/wordpress\/?page_id=21\" class=\"more-link\">Continue reading <span class=\"screen-reader-text\">Irvin Luke\u017ei\u0107: Iz povijesti jedne rije\u010dke kavane uni\u0161tene za D\u2019Annunzijeve okupacije<\/span><\/a><\/p>\n","protected":false},"author":1,"featured_media":0,"parent":0,"menu_order":0,"comment_status":"closed","ping_status":"closed","template":"","meta":{"pgc_sgb_lightbox_settings":"","footnotes":""},"class_list":["post-21","page","type-page","status-publish","hentry"],"_links":{"self":[{"href":"https:\/\/vjesnik.riarhiv.hr\/wordpress\/index.php?rest_route=\/wp\/v2\/pages\/21","targetHints":{"allow":["GET"]}}],"collection":[{"href":"https:\/\/vjesnik.riarhiv.hr\/wordpress\/index.php?rest_route=\/wp\/v2\/pages"}],"about":[{"href":"https:\/\/vjesnik.riarhiv.hr\/wordpress\/index.php?rest_route=\/wp\/v2\/types\/page"}],"author":[{"embeddable":true,"href":"https:\/\/vjesnik.riarhiv.hr\/wordpress\/index.php?rest_route=\/wp\/v2\/users\/1"}],"replies":[{"embeddable":true,"href":"https:\/\/vjesnik.riarhiv.hr\/wordpress\/index.php?rest_route=%2Fwp%2Fv2%2Fcomments&post=21"}],"version-history":[{"count":6,"href":"https:\/\/vjesnik.riarhiv.hr\/wordpress\/index.php?rest_route=\/wp\/v2\/pages\/21\/revisions"}],"predecessor-version":[{"id":274,"href":"https:\/\/vjesnik.riarhiv.hr\/wordpress\/index.php?rest_route=\/wp\/v2\/pages\/21\/revisions\/274"}],"wp:attachment":[{"href":"https:\/\/vjesnik.riarhiv.hr\/wordpress\/index.php?rest_route=%2Fwp%2Fv2%2Fmedia&parent=21"}],"curies":[{"name":"wp","href":"https:\/\/api.w.org\/{rel}","templated":true}]}}