{"id":19,"date":"2020-05-28T07:47:20","date_gmt":"2020-05-28T07:47:20","guid":{"rendered":"http:\/\/vjesnik.riarhiv.hr\/wordpress\/?page_id=19"},"modified":"2020-06-05T11:06:54","modified_gmt":"2020-06-05T11:06:54","slug":"natka-badurina-dannunzijeva-okupacija-rijeke-prema-transnacionalnom-pamcenju","status":"publish","type":"page","link":"https:\/\/vjesnik.riarhiv.hr\/wordpress\/?page_id=19","title":{"rendered":"Natka Badurina: D\u2019Annunzijeva okupacija Rijeke: prema transnacionalnom pam\u0107enju"},"content":{"rendered":"\n<p>Stogodi\u0161njica \u201erije\u010dkog pothvata\u201c (tal. l\u2019impesa di Fiume) poklapa se s posebnim stanjem europskog pam\u0107enja dvadesetog stolje\u0107a i odra\u017eava neke njegove va\u017ene osobine. U prvom \u0107emo se dijelu ovog rada posvetiti talijanskom i europskom povijesno-politi\u010dkom kontekstu u koji se uklapa dana\u0161nji prikaz tog doga\u0111aja u talijanskoj javnosti, a u drugom \u0107emo ukazati na neke dokumente i svjedo\u010denja, prete\u017eno iz rije\u010dkog Dr\u017eavnog arhiva, koji opovrgavaju taj prikaz, u \u017eelji da time doprinesemo izgradnji cjelovitijeg i transnacionalnog pam\u0107enja. Nije nam cilj dati novo tuma\u010denje ovog povijesnog doga\u0111aja, ve\u0107 razumjeti narativnu logiku prema kojoj se on predstavlja javnosti i postaje osnovom kolektivnog pam\u0107enja. Osim u podru\u010dju komparativnih studija hrvatsko-talijanskih odnosa, na\u0161 glavni metodolo\u0161ki oslonac bit \u0107e interdisciplinarno polje studija pam\u0107enja.<\/p>\n\n\n\n<div class=\"wp-block-file\"><a href=\"http:\/\/vjesnik.riarhiv.hr\/wordpress\/wp-content\/uploads\/2020\/05\/VjesnikDARI-61-62-143-Badurina-hr-en-it.pdf\" target=\"_blank\" rel=\"noreferrer noopener\">VjesnikDARI-61-62-143-Badurina-hr-en-it<\/a><a href=\"http:\/\/vjesnik.riarhiv.hr\/wordpress\/wp-content\/uploads\/2020\/05\/VjesnikDARI-61-62-143-Badurina-hr-en-it.pdf\" class=\"wp-block-file__button\" download>Download<\/a><\/div>\n\n\n\n<div class=\"wp-block-columns is-layout-flex wp-container-core-columns-is-layout-9d6595d7 wp-block-columns-is-layout-flex\">\n<div class=\"wp-block-column is-layout-flow wp-block-column-is-layout-flow\">\n<p><a href=\"http:\/\/vjesnik.riarhiv.hr\/wordpress\/?page_id=13\">Prethodni \u010dlanak<\/a><\/p>\n<\/div>\n\n\n\n<div class=\"wp-block-column is-layout-flow wp-block-column-is-layout-flow\">\n<p><a href=\"http:\/\/vjesnik.riarhiv.hr\/wordpress\/?page_id=21\">Sljede\u0107i \u010dlanak<\/a><\/p>\n<\/div>\n<\/div>\n","protected":false},"excerpt":{"rendered":"<p>Stogodi\u0161njica \u201erije\u010dkog pothvata\u201c (tal. l\u2019impesa di Fiume) poklapa se s posebnim stanjem europskog pam\u0107enja dvadesetog stolje\u0107a i odra\u017eava neke njegove va\u017ene osobine. U prvom \u0107emo se dijelu ovog rada posvetiti talijanskom i europskom povijesno-politi\u010dkom kontekstu u koji se uklapa dana\u0161nji prikaz tog doga\u0111aja u talijanskoj javnosti, a u drugom \u0107emo ukazati na neke dokumente i &hellip; <a href=\"https:\/\/vjesnik.riarhiv.hr\/wordpress\/?page_id=19\" class=\"more-link\">Continue reading <span class=\"screen-reader-text\">Natka Badurina: D\u2019Annunzijeva okupacija Rijeke: prema transnacionalnom pam\u0107enju<\/span><\/a><\/p>\n","protected":false},"author":1,"featured_media":0,"parent":0,"menu_order":0,"comment_status":"closed","ping_status":"closed","template":"","meta":{"pgc_sgb_lightbox_settings":"","footnotes":""},"class_list":["post-19","page","type-page","status-publish","hentry"],"_links":{"self":[{"href":"https:\/\/vjesnik.riarhiv.hr\/wordpress\/index.php?rest_route=\/wp\/v2\/pages\/19","targetHints":{"allow":["GET"]}}],"collection":[{"href":"https:\/\/vjesnik.riarhiv.hr\/wordpress\/index.php?rest_route=\/wp\/v2\/pages"}],"about":[{"href":"https:\/\/vjesnik.riarhiv.hr\/wordpress\/index.php?rest_route=\/wp\/v2\/types\/page"}],"author":[{"embeddable":true,"href":"https:\/\/vjesnik.riarhiv.hr\/wordpress\/index.php?rest_route=\/wp\/v2\/users\/1"}],"replies":[{"embeddable":true,"href":"https:\/\/vjesnik.riarhiv.hr\/wordpress\/index.php?rest_route=%2Fwp%2Fv2%2Fcomments&post=19"}],"version-history":[{"count":5,"href":"https:\/\/vjesnik.riarhiv.hr\/wordpress\/index.php?rest_route=\/wp\/v2\/pages\/19\/revisions"}],"predecessor-version":[{"id":272,"href":"https:\/\/vjesnik.riarhiv.hr\/wordpress\/index.php?rest_route=\/wp\/v2\/pages\/19\/revisions\/272"}],"wp:attachment":[{"href":"https:\/\/vjesnik.riarhiv.hr\/wordpress\/index.php?rest_route=%2Fwp%2Fv2%2Fmedia&parent=19"}],"curies":[{"name":"wp","href":"https:\/\/api.w.org\/{rel}","templated":true}]}}