{"id":66,"date":"2020-05-28T08:41:38","date_gmt":"2020-05-28T08:41:38","guid":{"rendered":"http:\/\/vjesnik.riarhiv.hr\/wordpress\/?page_id=66"},"modified":"2020-05-29T11:23:25","modified_gmt":"2020-05-29T11:23:25","slug":"osvrti-i-prikazi","status":"publish","type":"page","link":"https:\/\/vjesnik.riarhiv.hr\/wordpress\/?page_id=66","title":{"rendered":"Osvrti i prikazi"},"content":{"rendered":"\n<p><a href=\"http:\/\/vjesnik.riarhiv.hr\/wordpress\/?page_id=68\">Christian Grailach i Dra\u0161ko Mar\u0161ani\u0107:<br>Drenov\u010dani u Prvom svjetskom ratu<\/a><\/p>\n","protected":false},"excerpt":{"rendered":"<p>Christian Grailach i Dra\u0161ko Mar\u0161ani\u0107:Drenov\u010dani u Prvom svjetskom ratu<\/p>\n","protected":false},"author":1,"featured_media":0,"parent":0,"menu_order":0,"comment_status":"closed","ping_status":"closed","template":"","meta":{"pgc_sgb_lightbox_settings":"","footnotes":""},"class_list":["post-66","page","type-page","status-publish","hentry"],"_links":{"self":[{"href":"https:\/\/vjesnik.riarhiv.hr\/wordpress\/index.php?rest_route=\/wp\/v2\/pages\/66","targetHints":{"allow":["GET"]}}],"collection":[{"href":"https:\/\/vjesnik.riarhiv.hr\/wordpress\/index.php?rest_route=\/wp\/v2\/pages"}],"about":[{"href":"https:\/\/vjesnik.riarhiv.hr\/wordpress\/index.php?rest_route=\/wp\/v2\/types\/page"}],"author":[{"embeddable":true,"href":"https:\/\/vjesnik.riarhiv.hr\/wordpress\/index.php?rest_route=\/wp\/v2\/users\/1"}],"replies":[{"embeddable":true,"href":"https:\/\/vjesnik.riarhiv.hr\/wordpress\/index.php?rest_route=%2Fwp%2Fv2%2Fcomments&post=66"}],"version-history":[{"count":2,"href":"https:\/\/vjesnik.riarhiv.hr\/wordpress\/index.php?rest_route=\/wp\/v2\/pages\/66\/revisions"}],"predecessor-version":[{"id":248,"href":"https:\/\/vjesnik.riarhiv.hr\/wordpress\/index.php?rest_route=\/wp\/v2\/pages\/66\/revisions\/248"}],"wp:attachment":[{"href":"https:\/\/vjesnik.riarhiv.hr\/wordpress\/index.php?rest_route=%2Fwp%2Fv2%2Fmedia&parent=66"}],"curies":[{"name":"wp","href":"https:\/\/api.w.org\/{rel}","templated":true}]}}