{"id":54,"date":"2020-05-28T08:37:07","date_gmt":"2020-05-28T08:37:07","guid":{"rendered":"http:\/\/vjesnik.riarhiv.hr\/wordpress\/?page_id=54"},"modified":"2020-06-05T12:02:52","modified_gmt":"2020-06-05T12:02:52","slug":"jonathan-bousfield-gabriele-dannunzio-and-the-culture-of-violence-was-the-italian-soldier-poet-a-liberator-or-a-warning-of-the-dark-times-to-come","status":"publish","type":"page","link":"http:\/\/vjesnik.riarhiv.hr\/wordpress\/?page_id=54","title":{"rendered":"Jonathan Bousfield: Gabriele D\u2019Annunzio and the Culture of Violence (Was the Italian soldier-poet a liberator? Or a warning of the dark times to come?)"},"content":{"rendered":"\n<p>The problem with the exhibition\u2019s view of D\u2019Annunzio is that if you take the libertarian bits and leave out the rest, you can have any kind of D\u2019Annunzio you want.<\/p>\n\n\n\n<div class=\"wp-block-file\"><a href=\"http:\/\/vjesnik.riarhiv.hr\/wordpress\/wp-content\/uploads\/2020\/05\/VjesnikDARI-61-62-355-Bousfield-en-it.pdf\" target=\"_blank\" rel=\"noreferrer noopener\">VjesnikDARI-61-62-355-Bousfield-en-it<\/a><a href=\"http:\/\/vjesnik.riarhiv.hr\/wordpress\/wp-content\/uploads\/2020\/05\/VjesnikDARI-61-62-355-Bousfield-en-it.pdf\" class=\"wp-block-file__button\" download>Download<\/a><\/div>\n\n\n\n<div class=\"is-layout-flex wp-container-3 wp-block-columns\">\n<div class=\"is-layout-flow wp-block-column\">\n<p><a href=\"http:\/\/vjesnik.riarhiv.hr\/wordpress\/?page_id=52\">Prethodni \u010dlanak<\/a><\/p>\n<\/div>\n\n\n\n<div class=\"is-layout-flow wp-block-column\">\n<p><a href=\"http:\/\/vjesnik.riarhiv.hr\/wordpress\/?page_id=56\">Sljede\u0107i \u010dlanak<\/a><\/p>\n<\/div>\n<\/div>\n","protected":false},"excerpt":{"rendered":"<p>The problem with the exhibition\u2019s view of D\u2019Annunzio is that if you take the libertarian bits and leave out the rest, you can have any kind of D\u2019Annunzio you want. Prethodni \u010dlanak Sljede\u0107i \u010dlanak<\/p>\n","protected":false},"author":1,"featured_media":0,"parent":0,"menu_order":0,"comment_status":"closed","ping_status":"closed","template":"","meta":{"pgc_sgb_lightbox_settings":""},"_links":{"self":[{"href":"http:\/\/vjesnik.riarhiv.hr\/wordpress\/index.php?rest_route=\/wp\/v2\/pages\/54"}],"collection":[{"href":"http:\/\/vjesnik.riarhiv.hr\/wordpress\/index.php?rest_route=\/wp\/v2\/pages"}],"about":[{"href":"http:\/\/vjesnik.riarhiv.hr\/wordpress\/index.php?rest_route=\/wp\/v2\/types\/page"}],"author":[{"embeddable":true,"href":"http:\/\/vjesnik.riarhiv.hr\/wordpress\/index.php?rest_route=\/wp\/v2\/users\/1"}],"replies":[{"embeddable":true,"href":"http:\/\/vjesnik.riarhiv.hr\/wordpress\/index.php?rest_route=%2Fwp%2Fv2%2Fcomments&post=54"}],"version-history":[{"count":5,"href":"http:\/\/vjesnik.riarhiv.hr\/wordpress\/index.php?rest_route=\/wp\/v2\/pages\/54\/revisions"}],"predecessor-version":[{"id":289,"href":"http:\/\/vjesnik.riarhiv.hr\/wordpress\/index.php?rest_route=\/wp\/v2\/pages\/54\/revisions\/289"}],"wp:attachment":[{"href":"http:\/\/vjesnik.riarhiv.hr\/wordpress\/index.php?rest_route=%2Fwp%2Fv2%2Fmedia&parent=54"}],"curies":[{"name":"wp","href":"https:\/\/api.w.org\/{rel}","templated":true}]}}