{"id":52,"date":"2020-05-28T08:32:55","date_gmt":"2020-05-28T08:32:55","guid":{"rendered":"http:\/\/vjesnik.riarhiv.hr\/wordpress\/?page_id=52"},"modified":"2020-06-05T12:01:43","modified_gmt":"2020-06-05T12:01:43","slug":"jonathan-bousfield-pohvala-kulturi-nasilja-suradnik-magazina-jutarnjeg-lista-bio-je-na-izlozbi-u-trstu-koja-o-dannunziju-i-njegovoj-povijesnoj-ulozi-prica-sasvim-drugaciju-pricu","status":"publish","type":"page","link":"http:\/\/vjesnik.riarhiv.hr\/wordpress\/?page_id=52","title":{"rendered":"Jonathan Bousfield: Pohvala kulturi nasilja (Suradnik Magazina Jutarnjeg lista bio je na izlo\u017ebi u Trstu koja o D\u2019Annunziju i njegovoj povijesnoj ulozi pri\u010da sasvim druga\u010diju pri\u010du)"},"content":{"rendered":"\n<p>Prva stvar koju posjetitelj vidi na izlo\u017ebi je predivno dotjeran, stari Fiat T-4, \u010dija se ula\u0161tena kestenjasto sme\u0111a karoserija predivno presijava pod dobro usmjerenim svjetlima. U ovom je automobilu Gabriele D\u2019Annunzio u\u0161ao u grad Rijeku, rano ujutro 12. rujna 1919. Na ostakljenoj stala\u017ei, odmah sa strane, nalaze se D\u2019Annunzijeve za\u0161titne nao\u010dale i voza\u010dki ogrta\u010d koji je tako dobro o\u010duvan i ispeglan da se \u010dini kao da bi ga svaki \u010das mogao netko pro\u0161etati po modnoj pisti u nekoj retro-futuristi\u010dkoj reviji.<br>Brzina. Pustolovina. Uniforme. Nalazimo se u prostoriji kojom po\u010dinje izlo\u017eba \u201cDisobbedisco\u201d, izlo\u017eba koja obilje\u017eava stotinu godina od D\u2019Annunzijeva mar\u0161a na Rijeku (ovdje navedenu talijanskim nazivom, Fiume) kojim je po\u010dela okupacija toga grada, koja je potrajala sve do sije\u010dnja 1921.<br>Postavljena u prostoru koji nosi naziv Il Salone degli incanti, u nekada\u0161njoj tr\u0161\u0107anskoj ribljoj tr\u017enici, izlo\u017eba traje do 3. studenoga. \u010cini se kao da \u0107e je malo tko propustiti, s obzirom na to da su po cijeloj Rivi del mandracchio izvje\u0161ene crvene reklamne, \u201cDisobbedisco\u201d zastave, koje namjernike vode pravo prema izlo\u017ebi.<br>O D\u2019Annunzijevoj \u0161esnaestomjese\u010dnoj vladavini Rijekom oduvijek su bila podijeljena mi\u0161ljenja. S jedne strane on je bio proto-fa\u0161ist, \u010dovjek \u010diji je repertoar govora s uli\u010dnih balkona, uniformi i parada, odu\u0161evljeno usvojio Benito Mussolini. Drugi ga vide kao libertinca, revolucionara, \u010dovjeka \u010diji je iskreni nacionalizam imao osloba\u0111aju\u0107i u\u010dinak na ljude frustrirane neu\u010dinkovitim i iskvarenim rimskim politi\u010darima.<br>Ova izlo\u017eba u Trstu o\u010dito je bli\u017ea drugom gledi\u0161tu. \u201cRije\u010dki pothvat nije bio fa\u0161isti\u010dki \u010din\u201d, ka\u017ee se u uvodnim rije\u010dima na izlo\u017ebenom letku u kojemu se dalje govori da je sve to mo\u017eda po\u010delo iz nacionalisti\u010dkih pobuda, ali da je okon\u010dano kao neka vrsta vje\u017ebe iz revolucionarne demokracije.<\/p>\n\n\n\n<div class=\"wp-block-file\"><a href=\"http:\/\/vjesnik.riarhiv.hr\/wordpress\/wp-content\/uploads\/2020\/05\/VjesnikDARI-61-62-347-Bousfield-hr.pdf\" target=\"_blank\" rel=\"noreferrer noopener\">VjesnikDARI-61-62-347-Bousfield-hr<\/a><a href=\"http:\/\/vjesnik.riarhiv.hr\/wordpress\/wp-content\/uploads\/2020\/05\/VjesnikDARI-61-62-347-Bousfield-hr.pdf\" class=\"wp-block-file__button\" download>Download<\/a><\/div>\n\n\n\n<div class=\"is-layout-flex wp-container-3 wp-block-columns\">\n<div class=\"is-layout-flow wp-block-column\">\n<p><a href=\"http:\/\/vjesnik.riarhiv.hr\/wordpress\/?page_id=50\">Prethodni \u010dlanak<\/a><\/p>\n<\/div>\n\n\n\n<div class=\"is-layout-flow wp-block-column\">\n<p><a href=\"http:\/\/vjesnik.riarhiv.hr\/wordpress\/?page_id=54\">Sljede\u0107i \u010dlanak<\/a><\/p>\n<\/div>\n<\/div>\n","protected":false},"excerpt":{"rendered":"<p>Prva stvar koju posjetitelj vidi na izlo\u017ebi je predivno dotjeran, stari Fiat T-4, \u010dija se ula\u0161tena kestenjasto sme\u0111a karoserija predivno presijava pod dobro usmjerenim svjetlima. U ovom je automobilu Gabriele D\u2019Annunzio u\u0161ao u grad Rijeku, rano ujutro 12. rujna 1919. Na ostakljenoj stala\u017ei, odmah sa strane, nalaze se D\u2019Annunzijeve za\u0161titne nao\u010dale i voza\u010dki ogrta\u010d koji &hellip; <a href=\"http:\/\/vjesnik.riarhiv.hr\/wordpress\/?page_id=52\" class=\"more-link\">Continue reading <span class=\"screen-reader-text\">Jonathan Bousfield: Pohvala kulturi nasilja (Suradnik Magazina Jutarnjeg lista bio je na izlo\u017ebi u Trstu koja o D\u2019Annunziju i njegovoj povijesnoj ulozi pri\u010da sasvim druga\u010diju pri\u010du)<\/span><\/a><\/p>\n","protected":false},"author":1,"featured_media":0,"parent":0,"menu_order":0,"comment_status":"closed","ping_status":"closed","template":"","meta":{"pgc_sgb_lightbox_settings":""},"_links":{"self":[{"href":"http:\/\/vjesnik.riarhiv.hr\/wordpress\/index.php?rest_route=\/wp\/v2\/pages\/52"}],"collection":[{"href":"http:\/\/vjesnik.riarhiv.hr\/wordpress\/index.php?rest_route=\/wp\/v2\/pages"}],"about":[{"href":"http:\/\/vjesnik.riarhiv.hr\/wordpress\/index.php?rest_route=\/wp\/v2\/types\/page"}],"author":[{"embeddable":true,"href":"http:\/\/vjesnik.riarhiv.hr\/wordpress\/index.php?rest_route=\/wp\/v2\/users\/1"}],"replies":[{"embeddable":true,"href":"http:\/\/vjesnik.riarhiv.hr\/wordpress\/index.php?rest_route=%2Fwp%2Fv2%2Fcomments&post=52"}],"version-history":[{"count":5,"href":"http:\/\/vjesnik.riarhiv.hr\/wordpress\/index.php?rest_route=\/wp\/v2\/pages\/52\/revisions"}],"predecessor-version":[{"id":288,"href":"http:\/\/vjesnik.riarhiv.hr\/wordpress\/index.php?rest_route=\/wp\/v2\/pages\/52\/revisions\/288"}],"wp:attachment":[{"href":"http:\/\/vjesnik.riarhiv.hr\/wordpress\/index.php?rest_route=%2Fwp%2Fv2%2Fmedia&parent=52"}],"curies":[{"name":"wp","href":"https:\/\/api.w.org\/{rel}","templated":true}]}}