{"id":48,"date":"2020-05-28T08:28:48","date_gmt":"2020-05-28T08:28:48","guid":{"rendered":"http:\/\/vjesnik.riarhiv.hr\/wordpress\/?page_id=48"},"modified":"2020-06-05T11:51:45","modified_gmt":"2020-06-05T11:51:45","slug":"marijan-kodrnja-izgnanstvo-slovenske-obitelji-rolih-iz-rijeke-1920-godine","status":"publish","type":"page","link":"http:\/\/vjesnik.riarhiv.hr\/wordpress\/?page_id=48","title":{"rendered":"Marijan Kodrnja: Izgnanstvo slovenske obitelji Rolih iz Rijeke 1920. godine"},"content":{"rendered":"\n<p>Ovo je pri\u010da o jednoj obi\u010dnoj, moglo bi se re\u0107i za javnost, gotovo nevidljivoj obitelji. Sve \u0161to \u0107e biti izneseno valja shvatiti kao uzgredni rezultat drugog istra\u017eivanja. Poslu\u017eilo je prelistavanje Mati\u010dnih knjiga, ali i prevrtanje starih fascikala i starih kutija. Onih za cipele \u0161to su \u010desto bivale prenamijenjene za \u010duvanje nekakvih slika i razglednica. Malo ih je sa datumima na pole\u0111ini, pa naj\u010de\u0161\u0107e valja prema sadr\u017eaju procijeniti u koje su vrijeme snimljene. Da se ne pretjera, ina\u010de postoje i albumi u kojima su njihovi kreatori ostavili samo slike za koje su vjerovali da su budu\u0107im pokoljenjima va\u017ene i zanimljive.<br>Trgovac Anton (1845.), njegova supruga Josipa r. Ambro\u017ei\u010d (1857.) i sestra Helena, pa njihovi sinovi Anton (1875.) i Franjo, te k\u0107er Ivana do\u0161li su u Rijeku mo\u017eda i koju godinu prije nego \u0161to je upisan njihov prvi trag u Rijeci 1901. godine. Te godine preminula je Ivana, a 1909. godine preminule su Helena i Josipa. Najstarije dijete, sin Anton (1875.) vjen\u010dao se je 1906. godine sa Lucijom \u010ci\u010d (1886.). Do tada je ona radila u nedalekom susjedstvu. Slu\u017eila je kod Josipa Gorupa u vili koja je sada poznata kao \u201cBazovica.\u201d<\/p>\n\n\n\n<div class=\"wp-block-file\"><a href=\"http:\/\/vjesnik.riarhiv.hr\/wordpress\/wp-content\/uploads\/2020\/05\/VjesnikDARI-61-62-319-Kodrnja-hr-en-it.pdf\" target=\"_blank\" rel=\"noreferrer noopener\">VjesnikDARI-61-62-319-Kodrnja-hr-en-it<\/a><a href=\"http:\/\/vjesnik.riarhiv.hr\/wordpress\/wp-content\/uploads\/2020\/05\/VjesnikDARI-61-62-319-Kodrnja-hr-en-it.pdf\" class=\"wp-block-file__button\" download>Download<\/a><\/div>\n\n\n\n<div class=\"is-layout-flex wp-container-3 wp-block-columns\">\n<div class=\"is-layout-flow wp-block-column\">\n<p><a href=\"http:\/\/vjesnik.riarhiv.hr\/wordpress\/?page_id=46\">Prethodni \u010dlanak<\/a><\/p>\n<\/div>\n\n\n\n<div class=\"is-layout-flow wp-block-column\">\n<p><a href=\"http:\/\/vjesnik.riarhiv.hr\/wordpress\/?page_id=50\">Sljede\u0107i \u010dlanak<\/a><\/p>\n<\/div>\n<\/div>\n","protected":false},"excerpt":{"rendered":"<p>Ovo je pri\u010da o jednoj obi\u010dnoj, moglo bi se re\u0107i za javnost, gotovo nevidljivoj obitelji. Sve \u0161to \u0107e biti izneseno valja shvatiti kao uzgredni rezultat drugog istra\u017eivanja. Poslu\u017eilo je prelistavanje Mati\u010dnih knjiga, ali i prevrtanje starih fascikala i starih kutija. Onih za cipele \u0161to su \u010desto bivale prenamijenjene za \u010duvanje nekakvih slika i razglednica. Malo &hellip; <a href=\"http:\/\/vjesnik.riarhiv.hr\/wordpress\/?page_id=48\" class=\"more-link\">Continue reading <span class=\"screen-reader-text\">Marijan Kodrnja: Izgnanstvo slovenske obitelji Rolih iz Rijeke 1920. godine<\/span><\/a><\/p>\n","protected":false},"author":1,"featured_media":0,"parent":0,"menu_order":0,"comment_status":"closed","ping_status":"closed","template":"","meta":{"pgc_sgb_lightbox_settings":""},"_links":{"self":[{"href":"http:\/\/vjesnik.riarhiv.hr\/wordpress\/index.php?rest_route=\/wp\/v2\/pages\/48"}],"collection":[{"href":"http:\/\/vjesnik.riarhiv.hr\/wordpress\/index.php?rest_route=\/wp\/v2\/pages"}],"about":[{"href":"http:\/\/vjesnik.riarhiv.hr\/wordpress\/index.php?rest_route=\/wp\/v2\/types\/page"}],"author":[{"embeddable":true,"href":"http:\/\/vjesnik.riarhiv.hr\/wordpress\/index.php?rest_route=\/wp\/v2\/users\/1"}],"replies":[{"embeddable":true,"href":"http:\/\/vjesnik.riarhiv.hr\/wordpress\/index.php?rest_route=%2Fwp%2Fv2%2Fcomments&post=48"}],"version-history":[{"count":5,"href":"http:\/\/vjesnik.riarhiv.hr\/wordpress\/index.php?rest_route=\/wp\/v2\/pages\/48\/revisions"}],"predecessor-version":[{"id":286,"href":"http:\/\/vjesnik.riarhiv.hr\/wordpress\/index.php?rest_route=\/wp\/v2\/pages\/48\/revisions\/286"}],"wp:attachment":[{"href":"http:\/\/vjesnik.riarhiv.hr\/wordpress\/index.php?rest_route=%2Fwp%2Fv2%2Fmedia&parent=48"}],"curies":[{"name":"wp","href":"https:\/\/api.w.org\/{rel}","templated":true}]}}