{"id":17,"date":"2020-05-28T07:46:53","date_gmt":"2020-05-28T07:46:53","guid":{"rendered":"http:\/\/vjesnik.riarhiv.hr\/wordpress\/?page_id=17"},"modified":"2020-05-29T11:22:52","modified_gmt":"2020-05-29T11:22:52","slug":"clanci-i-rasprave","status":"publish","type":"page","link":"http:\/\/vjesnik.riarhiv.hr\/wordpress\/?page_id=17","title":{"rendered":"\u010clanci i rasprave"},"content":{"rendered":"\n<p><a href=\"http:\/\/vjesnik.riarhiv.hr\/wordpress\/?page_id=19\">Natka Badurina:<br>D\u2019Annunzijeva okupacija Rijeke: prema transnacionalnom pam\u0107enju<\/a><\/p>\n\n\n\n<p><a href=\"http:\/\/vjesnik.riarhiv.hr\/wordpress\/?page_id=21\">Irvin Luke\u017ei\u0107:<br>Iz povijesti jedne rije\u010dke kavane uni\u0161tene za D\u2019Annunzijeve okupacije<\/a><\/p>\n\n\n\n<p><a href=\"http:\/\/vjesnik.riarhiv.hr\/wordpress\/?page_id=23\">Marko Medved:<br>Skandal blagoslova bode\u017ea kao primjer zloporabe vjere (Gabriele D\u2019Annunzio i crkveni \u017eivot u Rijeci)<\/a><\/p>\n\n\n\n<p><a href=\"http:\/\/vjesnik.riarhiv.hr\/wordpress\/?page_id=25\">Igor \u017dic:<br>Nekoliko knjiga, autora i opa\u017eaja o problemu Gabrielea D\u2019Annunzija u Rijeci<\/a><\/p>\n\n\n\n<p><a href=\"http:\/\/vjesnik.riarhiv.hr\/wordpress\/?page_id=27\">Maja Poli\u0107:<br>Prilog poznavanju \u017eivota i djelovanja Benjamina Grohovca<\/a><\/p>\n\n\n\n<p><a href=\"http:\/\/vjesnik.riarhiv.hr\/wordpress\/?page_id=29\">Ivan Pederin:<br>Italia irredenta<\/a><\/p>\n\n\n\n<p><a href=\"http:\/\/vjesnik.riarhiv.hr\/wordpress\/?page_id=34\">Ljubinka To\u0161eva Karpowicz:<br>Rije\u010dki masoni i D\u2019Annunzijeva okupacija Rijeke (11. 1918\/12. 09. 1919)<\/a><\/p>\n\n\n\n<p><a href=\"http:\/\/vjesnik.riarhiv.hr\/wordpress\/?page_id=36\">Velid \u0110eki\u0107:<br>\u0160est priloga o D\u2019Annunziju i danuncijadi<\/a><\/p>\n","protected":false},"excerpt":{"rendered":"<p>Natka Badurina:D\u2019Annunzijeva okupacija Rijeke: prema transnacionalnom pam\u0107enju Irvin Luke\u017ei\u0107:Iz povijesti jedne rije\u010dke kavane uni\u0161tene za D\u2019Annunzijeve okupacije Marko Medved:Skandal blagoslova bode\u017ea kao primjer zloporabe vjere (Gabriele D\u2019Annunzio i crkveni \u017eivot u Rijeci) Igor \u017dic:Nekoliko knjiga, autora i opa\u017eaja o problemu Gabrielea D\u2019Annunzija u Rijeci Maja Poli\u0107:Prilog poznavanju \u017eivota i djelovanja Benjamina Grohovca Ivan Pederin:Italia irredenta &hellip; <a href=\"http:\/\/vjesnik.riarhiv.hr\/wordpress\/?page_id=17\" class=\"more-link\">Continue reading <span class=\"screen-reader-text\">\u010clanci i rasprave<\/span><\/a><\/p>\n","protected":false},"author":1,"featured_media":0,"parent":0,"menu_order":0,"comment_status":"closed","ping_status":"closed","template":"","meta":{"pgc_sgb_lightbox_settings":""},"_links":{"self":[{"href":"http:\/\/vjesnik.riarhiv.hr\/wordpress\/index.php?rest_route=\/wp\/v2\/pages\/17"}],"collection":[{"href":"http:\/\/vjesnik.riarhiv.hr\/wordpress\/index.php?rest_route=\/wp\/v2\/pages"}],"about":[{"href":"http:\/\/vjesnik.riarhiv.hr\/wordpress\/index.php?rest_route=\/wp\/v2\/types\/page"}],"author":[{"embeddable":true,"href":"http:\/\/vjesnik.riarhiv.hr\/wordpress\/index.php?rest_route=\/wp\/v2\/users\/1"}],"replies":[{"embeddable":true,"href":"http:\/\/vjesnik.riarhiv.hr\/wordpress\/index.php?rest_route=%2Fwp%2Fv2%2Fcomments&post=17"}],"version-history":[{"count":2,"href":"http:\/\/vjesnik.riarhiv.hr\/wordpress\/index.php?rest_route=\/wp\/v2\/pages\/17\/revisions"}],"predecessor-version":[{"id":247,"href":"http:\/\/vjesnik.riarhiv.hr\/wordpress\/index.php?rest_route=\/wp\/v2\/pages\/17\/revisions\/247"}],"wp:attachment":[{"href":"http:\/\/vjesnik.riarhiv.hr\/wordpress\/index.php?rest_route=%2Fwp%2Fv2%2Fmedia&parent=17"}],"curies":[{"name":"wp","href":"https:\/\/api.w.org\/{rel}","templated":true}]}}