{"id":15,"date":"2020-05-28T07:46:35","date_gmt":"2020-05-28T07:46:35","guid":{"rendered":"http:\/\/vjesnik.riarhiv.hr\/wordpress\/?page_id=15"},"modified":"2020-05-29T11:13:11","modified_gmt":"2020-05-29T11:13:11","slug":"gradivo","status":"publish","type":"page","link":"http:\/\/vjesnik.riarhiv.hr\/wordpress\/?page_id=15","title":{"rendered":"Gradivo"},"content":{"rendered":"\n<p><a href=\"http:\/\/vjesnik.riarhiv.hr\/wordpress\/?page_id=13\">Boris Zako\u0161ek i Sandro Poropat:<br>Rijeka 1919. Fa\u0161izam prije fa\u0161izma. D\u2019Annunzio i danuncijada u gradivu Dr\u017eavnog arhiva u Rijeci (Izlo\u017eba povodom Me\u0111unarodnog dana arhiva 2019. godine)<\/a><\/p>\n","protected":false},"excerpt":{"rendered":"<p>Boris Zako\u0161ek i Sandro Poropat:Rijeka 1919. Fa\u0161izam prije fa\u0161izma. D\u2019Annunzio i danuncijada u gradivu Dr\u017eavnog arhiva u Rijeci (Izlo\u017eba povodom Me\u0111unarodnog dana arhiva 2019. godine)<\/p>\n","protected":false},"author":1,"featured_media":0,"parent":0,"menu_order":0,"comment_status":"closed","ping_status":"closed","template":"","meta":{"pgc_sgb_lightbox_settings":""},"_links":{"self":[{"href":"http:\/\/vjesnik.riarhiv.hr\/wordpress\/index.php?rest_route=\/wp\/v2\/pages\/15"}],"collection":[{"href":"http:\/\/vjesnik.riarhiv.hr\/wordpress\/index.php?rest_route=\/wp\/v2\/pages"}],"about":[{"href":"http:\/\/vjesnik.riarhiv.hr\/wordpress\/index.php?rest_route=\/wp\/v2\/types\/page"}],"author":[{"embeddable":true,"href":"http:\/\/vjesnik.riarhiv.hr\/wordpress\/index.php?rest_route=\/wp\/v2\/users\/1"}],"replies":[{"embeddable":true,"href":"http:\/\/vjesnik.riarhiv.hr\/wordpress\/index.php?rest_route=%2Fwp%2Fv2%2Fcomments&post=15"}],"version-history":[{"count":2,"href":"http:\/\/vjesnik.riarhiv.hr\/wordpress\/index.php?rest_route=\/wp\/v2\/pages\/15\/revisions"}],"predecessor-version":[{"id":245,"href":"http:\/\/vjesnik.riarhiv.hr\/wordpress\/index.php?rest_route=\/wp\/v2\/pages\/15\/revisions\/245"}],"wp:attachment":[{"href":"http:\/\/vjesnik.riarhiv.hr\/wordpress\/index.php?rest_route=%2Fwp%2Fv2%2Fmedia&parent=15"}],"curies":[{"name":"wp","href":"https:\/\/api.w.org\/{rel}","templated":true}]}}